{"id":776,"date":"2015-12-21T19:39:05","date_gmt":"2015-12-21T16:39:05","guid":{"rendered":"http:\/\/arkonconsult.ru\/?page_id=776"},"modified":"2018-12-15T11:14:13","modified_gmt":"2018-12-15T08:14:13","slug":"diger-hizmetler","status":"publish","type":"page","link":"http:\/\/arkonconsult.ru\/?page_id=776&lang=tr","title":{"rendered":"Di\u011fer hizmetler"},"content":{"rendered":"<p><img loading=\"lazy\" decoding=\"async\" class=\"alignleft wp-image-777 size-medium\" title=\"Di\u011fer hizmetler\" src=\"http:\/\/arkonconsult.ru\/wp-content\/uploads\/2015\/12\/\u0434\u0440.\u0443\u0441\u043b\u0443\u0433\u0438-300x239.jpg\" alt=\"Di\u011fer hizmetler\" width=\"300\" height=\"239\" srcset=\"http:\/\/arkonconsult.ru\/wp-content\/uploads\/2015\/12\/\u0434\u0440.\u0443\u0441\u043b\u0443\u0433\u0438-300x239.jpg 300w, http:\/\/arkonconsult.ru\/wp-content\/uploads\/2015\/12\/\u0434\u0440.\u0443\u0441\u043b\u0443\u0433\u0438.jpg 480w\" sizes=\"(max-width: 300px) 100vw, 300px\" \/>&#8212; \u015eengen s\u00f6zle\u015fmesi \u00fclkelerine giri\u015f vizelerini alma konusunda yard\u0131m\u0131n sa\u011flanmas\u0131;<\/p>\n<p>&#8212; her t\u00fcrl\u00fc kotalar\u0131 alma konusunda yard\u0131m\u0131n sa\u011flanmas\u0131 (\u00e7al\u0131\u015fma, ge\u00e7ici oturma izni kotalar\u0131 dahil olmak \u00fczere);<\/p>\n<p>&#8212; y\u00fcksek nitelikli personel olan yabanc\u0131\u00a0 vatanda\u015flar\u0131n \u00e7al\u0131\u015fma izinlerinin d\u00fczenlenmesi;<\/p>\n<p>&#8212; belgelerin Turk\u00e7e&#8217;den Rus\u00e7a&#8217;ya ve Rus\u00e7a&#8217;dan T\u00fcrk\u00e7e&#8217;ye terc\u00fcmesi, terc\u00fcmelerin noterde onaylanmas\u0131;<\/p>\n<p>&#8212; cep telefon i\u015f uygulamalar\u0131n\u0131n geli\u015ftirilmesi ve bunlar\u0131n kontrol ve servisi;<\/p>\n<p>&#8212; Ge\u00e7ici Oturma \u0130zni, \u0130kamet Tezkeresi, Rusya Federasyonu vatanda\u015fl\u0131\u011f\u0131 i\u00e7in al\u0131nmas\u0131 gereken sa\u011fl\u0131k belgelerini elde etme konusunda yard\u0131m\u0131n sa\u011flanmas\u0131;<\/p>\n<p>&#8212; Rus dilini bilmeyi teyit eden sertifikay\u0131 alma konusunda yard\u0131m\u0131n sa\u011flanmas\u0131;<\/p>\n<p>&#8212; yabanc\u0131 vatanda\u015flar i\u00e7in Rusya Federasyonu&#8217;na giri\u015f yasa\u011f\u0131n\u0131 kald\u0131rmada yard\u0131m\u0131n sa\u011flanmas\u0131;<\/p>\n<p>&#8212; vatanda\u015flara hukuki deste\u011fin sa\u011flanmas\u0131;<\/p>\n<p>&#8212; \u015firket hakk\u0131nda reklam\u0131n ve bilginin Ticaret ve Sanayi Odas\u0131 dergisine yerle\u015ftirilmesi;<\/p>\n<p>&#8212; emlak hizmetleri;<\/p>\n<p>&#8212; muhasebe hizmetleri.<\/p>\n","protected":false},"excerpt":{"rendered":"<p>&#8212; \u015eengen s\u00f6zle\u015fmesi \u00fclkelerine giri\u015f vizelerini alma konusunda yard\u0131m\u0131n sa\u011flanmas\u0131; &#8212; her t\u00fcrl\u00fc kotalar\u0131 alma konusunda yard\u0131m\u0131n sa\u011flanmas\u0131 (\u00e7al\u0131\u015fma, ge\u00e7ici oturma izni kotalar\u0131 dahil olmak \u00fczere); &#8212; y\u00fcksek nitelikli personel olan yabanc\u0131\u00a0 vatanda\u015flar\u0131n \u00e7al\u0131\u015fma izinlerinin d\u00fczenlenmesi; &#8212; belgelerin Turk\u00e7e&#8217;den Rus\u00e7a&#8217;ya ve Rus\u00e7a&#8217;dan T\u00fcrk\u00e7e&#8217;ye terc\u00fcmesi, terc\u00fcmelerin noterde onaylanmas\u0131; &#8212; cep telefon i\u015f uygulamalar\u0131n\u0131n geli\u015ftirilmesi ve bunlar\u0131n [&hellip;]<\/p>\n","protected":false},"author":1,"featured_media":549,"parent":707,"menu_order":8,"comment_status":"closed","ping_status":"closed","template":"","meta":{"_mi_skip_tracking":false,"_monsterinsights_sitenote_active":false,"_monsterinsights_sitenote_note":"","_monsterinsights_sitenote_category":0,"footnotes":""},"_links":{"self":[{"href":"http:\/\/arkonconsult.ru\/index.php?rest_route=\/wp\/v2\/pages\/776"}],"collection":[{"href":"http:\/\/arkonconsult.ru\/index.php?rest_route=\/wp\/v2\/pages"}],"about":[{"href":"http:\/\/arkonconsult.ru\/index.php?rest_route=\/wp\/v2\/types\/page"}],"author":[{"embeddable":true,"href":"http:\/\/arkonconsult.ru\/index.php?rest_route=\/wp\/v2\/users\/1"}],"replies":[{"embeddable":true,"href":"http:\/\/arkonconsult.ru\/index.php?rest_route=%2Fwp%2Fv2%2Fcomments&post=776"}],"version-history":[{"count":4,"href":"http:\/\/arkonconsult.ru\/index.php?rest_route=\/wp\/v2\/pages\/776\/revisions"}],"predecessor-version":[{"id":1373,"href":"http:\/\/arkonconsult.ru\/index.php?rest_route=\/wp\/v2\/pages\/776\/revisions\/1373"}],"up":[{"embeddable":true,"href":"http:\/\/arkonconsult.ru\/index.php?rest_route=\/wp\/v2\/pages\/707"}],"wp:featuredmedia":[{"embeddable":true,"href":"http:\/\/arkonconsult.ru\/index.php?rest_route=\/wp\/v2\/media\/549"}],"wp:attachment":[{"href":"http:\/\/arkonconsult.ru\/index.php?rest_route=%2Fwp%2Fv2%2Fmedia&parent=776"}],"curies":[{"name":"wp","href":"https:\/\/api.w.org\/{rel}","templated":true}]}}