{"id":752,"date":"2015-12-21T13:16:05","date_gmt":"2015-12-21T10:16:05","guid":{"rendered":"http:\/\/arkonconsult.ru\/?page_id=752"},"modified":"2018-12-10T19:05:54","modified_gmt":"2018-12-10T16:05:54","slug":"vizenin-alinmasini-gerektirmeyen-duzene-gore-rusya-federasyonuna-gelen-vatandaslarin-calisma-patentleri","status":"publish","type":"page","link":"http:\/\/arkonconsult.ru\/?page_id=752&lang=tr","title":{"rendered":"Vizenin al\u0131nmas\u0131n\u0131 gerektirmeyen d\u00fczene g\u00f6re Rusya Federasyonu&#8217;na gelen vatanda\u015flar\u0131n \u00e7al\u0131\u015fma patentleri"},"content":{"rendered":"<p><img loading=\"lazy\" decoding=\"async\" class=\"alignleft wp-image-753 size-medium\" title=\"\u00e7al\u0131\u015fma patenti\" src=\"http:\/\/arkonconsult.ru\/wp-content\/uploads\/2015\/12\/\u043f\u0430\u0442\u0435\u043d\u0442-3-300x262.jpg\" alt=\"\u00e7al\u0131\u015fma patenti\" width=\"300\" height=\"262\" srcset=\"http:\/\/arkonconsult.ru\/wp-content\/uploads\/2015\/12\/\u043f\u0430\u0442\u0435\u043d\u0442-3-300x262.jpg 300w, http:\/\/arkonconsult.ru\/wp-content\/uploads\/2015\/12\/\u043f\u0430\u0442\u0435\u043d\u0442-3.jpg 492w\" sizes=\"(max-width: 300px) 100vw, 300px\" \/>Hem ger\u00e7ek ki\u015filer hem de t\u00fczel ki\u015filerin \u00e7al\u0131\u015ft\u0131rd\u0131klar\u0131, Rusya\u2019ya vizesiz olarak giren \u00a0ve Rusya&#8217;da ge\u00e7ici olarak bulunan yabanc\u0131 vatanda\u015flar \u00e7al\u0131\u015fma patentleri almak zorundad\u0131rlar. \u00c7al\u0131\u015fma patenti, Rusya Federasyonu s\u0131n\u0131rlar\u0131 d\u0131\u015f\u0131na \u00e7\u0131kmadan daha bir y\u0131la kadar bir defa uzatma hakk\u0131yla birlikte bir y\u0131la kadarki s\u00fcreye verilmektedir.<\/p>\n<p>Patent, sadece onun verildi\u011fi Federasyon&#8217;un eyaletinin s\u0131n\u0131rlar\u0131 i\u00e7inde ge\u00e7erlidir.<\/p>\n<p>Yabanc\u0131 vatanda\u015f, patentin verilmesine dair dilek\u00e7eyi \u00fclkeye giri\u015f an\u0131ndan itibaren 30 g\u00fcn i\u00e7inde Federal G\u00f6\u00e7 Servisi&#8217;ne sunmak zorundad\u0131r.<\/p>\n<p>Moskova&#8217;da \u00e7al\u0131\u015fma patentin d\u00fczeltilmesi i\u00e7in yabanc\u0131 vatanda\u015f\u0131n teslim etmesi gereken belgelerin listesi a\u015fa\u011f\u0131dad\u0131r:<\/p>\n<p>&#8212; pasaport (fotokopi);<\/p>\n<p>&#8212; noter onayl\u0131 pasaport terc\u00fcmesi;<\/p>\n<p>&#8212; foto\u011fraflar 3*4 renkli mat (2 adet);<\/p>\n<p>&#8212; ziyaretin amac\u0131n\u0131n \u2018\u00dcCRETL\u0130 \u00c7ALI\u015eMA\u2019 notu olan g\u00f6\u00e7 kart\u0131 (fotokopi);<\/p>\n<p>&#8212; yabanc\u0131 vatanda\u015f\u0131n ikamet yerinde kayda konulmas\u0131n\u0131 teyit eden belge (fotokopi);<\/p>\n<p>&#8212; Vergi M\u00fckellefi Kimlik Numaras\u0131 belgesi (arzu edilir);<\/p>\n<p>&#8212; yabanc\u0131 vatanda\u015f\u0131n, Rus dili, Rusya tarihi ve mevzuat\u0131n\u0131n temellerini bildi\u011fini teyit eden belge;<\/p>\n<p>&#8212; yabanc\u0131 vatanda\u015f\u0131n, ba\u015fkalar\u0131 i\u00e7in tehlike olu\u015fturabilir uyu\u015fturucuye ba\u011f\u0131ml\u0131l\u0131k hastal\u0131\u011f\u0131 ve bula\u015f\u0131c\u0131 hastal\u0131klar\u0131n\u0131n yoklu\u011funu teyit eden belge ve insan ba\u011f\u0131\u015f\u0131kl\u0131k eksikli\u011fi vir\u00fcs\u00fcn\u00fcn (HIV enfeksiyonu) sebep oldu\u011fu hastal\u0131\u011f\u0131n yoklu\u011fu teyit eden belge;<\/p>\n<p>&#8212; g\u00f6n\u00fcll\u00fc sa\u011fl\u0131k sigortas\u0131 (\u2018DMS\u2019) poli\u00e7esi veya \u00fccretli hizmetlerin verilmesi hakk\u0131nda sa\u011fl\u0131k \u015firketi ile s\u00f6zle\u015fme.<\/p>\n<p>Patent, pasaportun ve patentin ge\u00e7erlilik s\u00fcresi i\u00e7in sabit pe\u015fin \u00f6deme \u015feklinde Ger\u00e7ek Ki\u015filerin Gelir Vergisini \u00f6demeyi teyit eden belgenin ibraz edilmesi \u00fczerine verilmektedir.<\/p>\n","protected":false},"excerpt":{"rendered":"<p>Hem ger\u00e7ek ki\u015filer hem de t\u00fczel ki\u015filerin \u00e7al\u0131\u015ft\u0131rd\u0131klar\u0131, Rusya\u2019ya vizesiz olarak giren \u00a0ve Rusya&#8217;da ge\u00e7ici olarak bulunan yabanc\u0131 vatanda\u015flar \u00e7al\u0131\u015fma patentleri almak zorundad\u0131rlar. \u00c7al\u0131\u015fma patenti, Rusya Federasyonu s\u0131n\u0131rlar\u0131 d\u0131\u015f\u0131na \u00e7\u0131kmadan daha bir y\u0131la kadar bir defa uzatma hakk\u0131yla birlikte bir y\u0131la kadarki s\u00fcreye verilmektedir. Patent, sadece onun verildi\u011fi Federasyon&#8217;un eyaletinin s\u0131n\u0131rlar\u0131 i\u00e7inde ge\u00e7erlidir. Yabanc\u0131 vatanda\u015f, [&hellip;]<\/p>\n","protected":false},"author":1,"featured_media":545,"parent":743,"menu_order":1,"comment_status":"closed","ping_status":"closed","template":"","meta":{"_mi_skip_tracking":false,"_monsterinsights_sitenote_active":false,"_monsterinsights_sitenote_note":"","_monsterinsights_sitenote_category":0,"footnotes":""},"_links":{"self":[{"href":"http:\/\/arkonconsult.ru\/index.php?rest_route=\/wp\/v2\/pages\/752"}],"collection":[{"href":"http:\/\/arkonconsult.ru\/index.php?rest_route=\/wp\/v2\/pages"}],"about":[{"href":"http:\/\/arkonconsult.ru\/index.php?rest_route=\/wp\/v2\/types\/page"}],"author":[{"embeddable":true,"href":"http:\/\/arkonconsult.ru\/index.php?rest_route=\/wp\/v2\/users\/1"}],"replies":[{"embeddable":true,"href":"http:\/\/arkonconsult.ru\/index.php?rest_route=%2Fwp%2Fv2%2Fcomments&post=752"}],"version-history":[{"count":2,"href":"http:\/\/arkonconsult.ru\/index.php?rest_route=\/wp\/v2\/pages\/752\/revisions"}],"predecessor-version":[{"id":1316,"href":"http:\/\/arkonconsult.ru\/index.php?rest_route=\/wp\/v2\/pages\/752\/revisions\/1316"}],"up":[{"embeddable":true,"href":"http:\/\/arkonconsult.ru\/index.php?rest_route=\/wp\/v2\/pages\/743"}],"wp:featuredmedia":[{"embeddable":true,"href":"http:\/\/arkonconsult.ru\/index.php?rest_route=\/wp\/v2\/media\/545"}],"wp:attachment":[{"href":"http:\/\/arkonconsult.ru\/index.php?rest_route=%2Fwp%2Fv2%2Fmedia&parent=752"}],"curies":[{"name":"wp","href":"https:\/\/api.w.org\/{rel}","templated":true}]}}