{"id":743,"date":"2015-12-18T17:48:38","date_gmt":"2015-12-18T14:48:38","guid":{"rendered":"http:\/\/arkonconsult.ru\/?page_id=743"},"modified":"2018-12-10T19:02:23","modified_gmt":"2018-12-10T16:02:23","slug":"yabanci-vatandaslarin-calisma-izni-ve-patentleri","status":"publish","type":"page","link":"http:\/\/arkonconsult.ru\/?page_id=743&lang=tr","title":{"rendered":"Yabanc\u0131 vatanda\u015flar\u0131n \u00e7al\u0131\u015fma izni ve patentleri"},"content":{"rendered":"<p><img loading=\"lazy\" decoding=\"async\" class=\"alignleft wp-image-823 size-medium\" title=\"Yabanc\u0131 vatanda\u015flar\u0131n \u00e7al\u0131\u015fma izni ve patentleri\" src=\"http:\/\/arkonconsult.ru\/wp-content\/uploads\/2015\/12\/\u043f\u0430\u0442\u0435\u043d\u0442-2-300x239.jpg\" alt=\"Yabanc\u0131 vatanda\u015flar\u0131n \u00e7al\u0131\u015fma izni ve patentleri\" width=\"300\" height=\"239\" srcset=\"http:\/\/arkonconsult.ru\/wp-content\/uploads\/2015\/12\/\u043f\u0430\u0442\u0435\u043d\u0442-2-300x239.jpg 300w, http:\/\/arkonconsult.ru\/wp-content\/uploads\/2015\/12\/\u043f\u0430\u0442\u0435\u043d\u0442-2.jpg 480w\" sizes=\"(max-width: 300px) 100vw, 300px\" \/>Rusya Federasyonu s\u0131n\u0131rlar\u0131 i\u00e7inde \u00e7al\u0131\u015fmak isteyen herhangi bir yabanc\u0131 vatanda\u015f veya vatanda\u015fl\u0131\u011f\u0131 olm\u0131yan ki\u015fi, \u00e7al\u0131\u015fma izni veya patenti almak zorundad\u0131r.<\/p>\n<p>Bu h\u00fck\u00fcm, Avrasya Ekonomik Birli\u011fi Kurulmas\u0131 S\u00f6zle\u015fmesi uyar\u0131nca \u00e7al\u0131\u015fma izni olmadan Rusya&#8217;da \u00e7al\u0131\u015fabilecek Ermenistan, Belarus, Kazakistan ve K\u0131rg\u0131zistan\u00a0 vatanda\u015flar\u0131 i\u00e7in ge\u00e7erli de\u011fildir. Bununla birlikte i\u015fverenin, yabanc\u0131 vatanda\u015f ile i\u015f s\u00f6zle\u015fmesinin akdedilmesi hakk\u0131ndaki tebli\u011fi Federal G\u00f6\u00e7 Servisi M\u00fcd\u00fcrl\u00fc\u011f\u00fc&#8217;ne y\u00f6nlendirme y\u00fck\u00fcml\u00fc\u011f\u00fc korunmaktad\u0131r.<\/p>\n<p>Ayr\u0131ca, \u00e7al\u0131\u015fma iznini almadan Rusya&#8217;da ge\u00e7ici oturma iznini veya daimi ikamet iznini (ikamet tezkeresi) alan yabanc\u0131 vatanda\u015flar \u00e7al\u0131\u015fabilirler.<br \/>\nRusya Federasyonu s\u0131n\u0131rlar\u0131 i\u00e7inde yabanc\u0131 vatanda\u015f ve vatanda\u015fl\u0131\u011f\u0131 olm\u0131yan ki\u015fileri i\u015fe alma ile ilgili konular\u0131, 25.07.2002 tarihli 115-FZ say\u0131l\u0131 Yabanc\u0131 Vatanda\u015flar\u0131n Rusya Federasyonu&#8217;nda Hukuki Durumu Hakk\u0131nda\u00a0 Federal Kanunun h\u00fck\u00fcmleri ile d\u00fczenlenmektedirler.<\/p>\n<p>Devlet makamlar\u0131ndan gereken izinleri almadan yabanc\u0131 vatanda\u015f ve vatanda\u015fl\u0131\u011f\u0131 olm\u0131yan ki\u015filerin Rusya Federasyonu s\u0131n\u0131rlar\u0131 i\u00e7inde i\u015fe al\u0131nmas\u0131 i\u00e7in Rusya Federasyonu \u0130dari Su\u00e7lar Kanunu uyar\u0131nca t\u00fczel ve ger\u00e7ek ki\u015filere <a href=\"http:\/\/arkonconsult.ru\/?page_id=748\">para cezalar\u0131<\/a> konulmaktad\u0131rlar.<\/p>\n<p><a href=\"http:\/\/arkonconsult.ru\/?page_id=752\">&#8216;Vizesiz&#8217; rejiminin uyguland\u0131\u011f\u0131 \u00fclkelerin vatanda\u015flar\u0131n\u0131n \u00e7al\u0131\u015fma patentleri.<\/a><\/p>\n<p><a href=\"http:\/\/arkonconsult.ru\/?page_id=755\">&#8216;Vizeli&#8217; rejiminin uyguland\u0131\u011f\u0131 \u00fclkelerin vatanda\u015flar\u0131n\u0131n \u00e7al\u0131\u015fma izinleri<\/a>.<\/p>\n","protected":false},"excerpt":{"rendered":"<p>Rusya Federasyonu s\u0131n\u0131rlar\u0131 i\u00e7inde \u00e7al\u0131\u015fmak isteyen herhangi bir yabanc\u0131 vatanda\u015f veya vatanda\u015fl\u0131\u011f\u0131 olm\u0131yan ki\u015fi, \u00e7al\u0131\u015fma izni veya patenti almak zorundad\u0131r. Bu h\u00fck\u00fcm, Avrasya Ekonomik Birli\u011fi Kurulmas\u0131 S\u00f6zle\u015fmesi uyar\u0131nca \u00e7al\u0131\u015fma izni olmadan Rusya&#8217;da \u00e7al\u0131\u015fabilecek Ermenistan, Belarus, Kazakistan ve K\u0131rg\u0131zistan\u00a0 vatanda\u015flar\u0131 i\u00e7in ge\u00e7erli de\u011fildir. Bununla birlikte i\u015fverenin, yabanc\u0131 vatanda\u015f ile i\u015f s\u00f6zle\u015fmesinin akdedilmesi hakk\u0131ndaki tebli\u011fi Federal G\u00f6\u00e7 [&hellip;]<\/p>\n","protected":false},"author":1,"featured_media":489,"parent":707,"menu_order":6,"comment_status":"closed","ping_status":"closed","template":"","meta":{"_mi_skip_tracking":false,"_monsterinsights_sitenote_active":false,"_monsterinsights_sitenote_note":"","_monsterinsights_sitenote_category":0,"footnotes":""},"_links":{"self":[{"href":"http:\/\/arkonconsult.ru\/index.php?rest_route=\/wp\/v2\/pages\/743"}],"collection":[{"href":"http:\/\/arkonconsult.ru\/index.php?rest_route=\/wp\/v2\/pages"}],"about":[{"href":"http:\/\/arkonconsult.ru\/index.php?rest_route=\/wp\/v2\/types\/page"}],"author":[{"embeddable":true,"href":"http:\/\/arkonconsult.ru\/index.php?rest_route=\/wp\/v2\/users\/1"}],"replies":[{"embeddable":true,"href":"http:\/\/arkonconsult.ru\/index.php?rest_route=%2Fwp%2Fv2%2Fcomments&post=743"}],"version-history":[{"count":5,"href":"http:\/\/arkonconsult.ru\/index.php?rest_route=\/wp\/v2\/pages\/743\/revisions"}],"predecessor-version":[{"id":1315,"href":"http:\/\/arkonconsult.ru\/index.php?rest_route=\/wp\/v2\/pages\/743\/revisions\/1315"}],"up":[{"embeddable":true,"href":"http:\/\/arkonconsult.ru\/index.php?rest_route=\/wp\/v2\/pages\/707"}],"wp:featuredmedia":[{"embeddable":true,"href":"http:\/\/arkonconsult.ru\/index.php?rest_route=\/wp\/v2\/media\/489"}],"wp:attachment":[{"href":"http:\/\/arkonconsult.ru\/index.php?rest_route=%2Fwp%2Fv2%2Fmedia&parent=743"}],"curies":[{"name":"wp","href":"https:\/\/api.w.org\/{rel}","templated":true}]}}