{"id":741,"date":"2015-12-18T17:12:14","date_gmt":"2015-12-18T14:12:14","guid":{"rendered":"http:\/\/arkonconsult.ru\/?page_id=741"},"modified":"2018-12-10T19:00:10","modified_gmt":"2018-12-10T16:00:10","slug":"olagan-ozel-vize","status":"publish","type":"page","link":"http:\/\/arkonconsult.ru\/?page_id=741&lang=tr","title":{"rendered":"Ola\u011fan \u00f6zel vize"},"content":{"rendered":"<p><img loading=\"lazy\" decoding=\"async\" class=\"alignleft wp-image-821 size-medium\" title=\"Ola\u011fan \u00f6zel vize\" src=\"http:\/\/arkonconsult.ru\/wp-content\/uploads\/2015\/12\/\u0432\u0438\u0437\u0430-\u0447\u0430\u0441\u0442\u043d\u0430\u044f-300x262.jpg\" alt=\"Ola\u011fan \u00f6zel vize\" width=\"300\" height=\"262\" srcset=\"http:\/\/arkonconsult.ru\/wp-content\/uploads\/2015\/12\/\u0432\u0438\u0437\u0430-\u0447\u0430\u0441\u0442\u043d\u0430\u044f-300x262.jpg 300w, http:\/\/arkonconsult.ru\/wp-content\/uploads\/2015\/12\/\u0432\u0438\u0437\u0430-\u0447\u0430\u0441\u0442\u043d\u0430\u044f.jpg 492w\" sizes=\"(max-width: 300px) 100vw, 300px\" \/>Ola\u011fan \u00f6zel vize, Rusya Federasyonu s\u0131n\u0131rlar\u0131 i\u00e7inde daimi kayd\u0131 olan Rusya Federasyonu vatanda\u015f\u0131n\u0131n talebi \u00fczerine al\u0131nan \u00f6zel vize davetiyesine dayanarak d\u00fczenlenmektedir. Davetiyeyi almak i\u00e7in gereken belgeler Federal G\u00f6\u00e7 Servisi\u2019nin yerel M\u00fcd\u00fcrl\u00fc\u011f\u00fcne sunulmaktad\u0131rlar.<\/p>\n<p>Gezinin amac\u0131, \u00ab\u00f6zel\u00bb olarak g\u00f6sterilmektedir.<\/p>\n<p>\u00d6zel vize davetiyesi, amac\u0131 \u2018misafir gezisi\u2019 olan \u00f6zel vizeye g\u00f6re kendi ad\u0131na yabanc\u0131 vatanda\u015f\u0131 Rusya&#8217;ya davet eden t\u00fczel ki\u015finin de (\u015firketin) dilek\u00e7esine dayanarak d\u00fczenlenebilir.<\/p>\n<p>\u00d6zel vize 3 aya kadarki s\u00fcreye verilmektedir ve tekli veya \u00e7iftli giri\u015fli olabilir. \u00d6zel vize davetiyelerinin d\u00fczenleme s\u00fcresi 7 \u2013 14 i\u015f g\u00fcn\u00fcd\u00fcr.<\/p>\n<p>Davetiyeyi almak i\u00e7in <a href=\"http:\/\/arkonconsult.ru\/?page_id=699\">E-posta\u2019ya<\/a>\u00a0yurtd\u0131\u015f\u0131 pasaportun fotokopisini (ki\u015fisel bilgiler ve pasaportun ge\u00e7erlilik s\u00fcresi bulunan sayfalar\u0131) ve Rusya Federasyonu&#8217;nda planlanan kalma s\u00fcreleri ilgili bilgileri g\u00f6ndermek yeterlidir.Davetiyeye ili\u015fkin dilek\u00e7e ile ba\u015fvurmak, planlanan giri\u015f tarihine kadar 90 g\u00fcnden daha erken olmadan gerekmektedir.<\/p>\n","protected":false},"excerpt":{"rendered":"<p>Ola\u011fan \u00f6zel vize, Rusya Federasyonu s\u0131n\u0131rlar\u0131 i\u00e7inde daimi kayd\u0131 olan Rusya Federasyonu vatanda\u015f\u0131n\u0131n talebi \u00fczerine al\u0131nan \u00f6zel vize davetiyesine dayanarak d\u00fczenlenmektedir. Davetiyeyi almak i\u00e7in gereken belgeler Federal G\u00f6\u00e7 Servisi\u2019nin yerel M\u00fcd\u00fcrl\u00fc\u011f\u00fcne sunulmaktad\u0131rlar. Gezinin amac\u0131, \u00ab\u00f6zel\u00bb olarak g\u00f6sterilmektedir. \u00d6zel vize davetiyesi, amac\u0131 \u2018misafir gezisi\u2019 olan \u00f6zel vizeye g\u00f6re kendi ad\u0131na yabanc\u0131 vatanda\u015f\u0131 Rusya&#8217;ya davet eden t\u00fczel [&hellip;]<\/p>\n","protected":false},"author":1,"featured_media":543,"parent":725,"menu_order":5,"comment_status":"closed","ping_status":"closed","template":"","meta":{"_mi_skip_tracking":false,"_monsterinsights_sitenote_active":false,"_monsterinsights_sitenote_note":"","_monsterinsights_sitenote_category":0,"footnotes":""},"_links":{"self":[{"href":"http:\/\/arkonconsult.ru\/index.php?rest_route=\/wp\/v2\/pages\/741"}],"collection":[{"href":"http:\/\/arkonconsult.ru\/index.php?rest_route=\/wp\/v2\/pages"}],"about":[{"href":"http:\/\/arkonconsult.ru\/index.php?rest_route=\/wp\/v2\/types\/page"}],"author":[{"embeddable":true,"href":"http:\/\/arkonconsult.ru\/index.php?rest_route=\/wp\/v2\/users\/1"}],"replies":[{"embeddable":true,"href":"http:\/\/arkonconsult.ru\/index.php?rest_route=%2Fwp%2Fv2%2Fcomments&post=741"}],"version-history":[{"count":5,"href":"http:\/\/arkonconsult.ru\/index.php?rest_route=\/wp\/v2\/pages\/741\/revisions"}],"predecessor-version":[{"id":1314,"href":"http:\/\/arkonconsult.ru\/index.php?rest_route=\/wp\/v2\/pages\/741\/revisions\/1314"}],"up":[{"embeddable":true,"href":"http:\/\/arkonconsult.ru\/index.php?rest_route=\/wp\/v2\/pages\/725"}],"wp:featuredmedia":[{"embeddable":true,"href":"http:\/\/arkonconsult.ru\/index.php?rest_route=\/wp\/v2\/media\/543"}],"wp:attachment":[{"href":"http:\/\/arkonconsult.ru\/index.php?rest_route=%2Fwp%2Fv2%2Fmedia&parent=741"}],"curies":[{"name":"wp","href":"https:\/\/api.w.org\/{rel}","templated":true}]}}