{"id":732,"date":"2015-12-18T13:46:28","date_gmt":"2015-12-18T10:46:28","guid":{"rendered":"http:\/\/arkonconsult.ru\/?page_id=732"},"modified":"2018-12-10T18:49:39","modified_gmt":"2018-12-10T15:49:39","slug":"rusya-federasyonuna-giris-icin-vizeyi-duzenleme-proseduru","status":"publish","type":"page","link":"http:\/\/arkonconsult.ru\/?page_id=732&lang=tr","title":{"rendered":"Rusya Federasyonu&#8217;na giri\u015f i\u00e7in vizeyi d\u00fczenleme prosed\u00fcr\u00fc"},"content":{"rendered":"<p><img loading=\"lazy\" decoding=\"async\" class=\"alignleft wp-image-806 size-medium\" title=\"Rusya Federasyonu'na giri\u015f i\u00e7in vizeyi d\u00fczenleyen davetiyesi\" src=\"http:\/\/arkonconsult.ru\/wp-content\/uploads\/2015\/12\/\u043f\u0440\u0438\u0433\u043b\u0430\u0448\u0435\u043d\u0438\u0435-300x262.jpg\" alt=\"Rusya Federasyonu'na giri\u015f i\u00e7in vizeyi d\u00fczenleyen davetiyesi\" width=\"300\" height=\"262\" srcset=\"http:\/\/arkonconsult.ru\/wp-content\/uploads\/2015\/12\/\u043f\u0440\u0438\u0433\u043b\u0430\u0448\u0435\u043d\u0438\u0435-300x262.jpg 300w, http:\/\/arkonconsult.ru\/wp-content\/uploads\/2015\/12\/\u043f\u0440\u0438\u0433\u043b\u0430\u0448\u0435\u043d\u0438\u0435.jpg 492w\" sizes=\"(max-width: 300px) 100vw, 300px\" \/>Yabanc\u0131 vatanda\u015f\u0131n Rusya Federasyonu&#8217;na giri\u015f i\u00e7in vizeyi alma dayana\u011f\u0131, Rusya&#8217;da kay\u0131tl\u0131 \u015firketten veya Rusya Federasyonu vatanda\u015f\u0131 olan \u00f6zel bir \u015fahs\u0131ndan al\u0131nan vize davetiyesi olmaktad\u0131r.<\/p>\n<p>Vize davetiyeleri,<\/p>\n<p>&#8212;\u00a0 <a href=\"http:\/\/arkonconsult.ru\/?page_id=734\">i\u015f<\/a> \u00a0veya <a href=\"http:\/\/arkonconsult.ru\/?page_id=737\">\u00e7al\u0131\u015fma<\/a> vizesi i\u00e7in Rusya Federasyonu herhangi eyaletinin Federasl G\u00f6\u00e7 Servisi M\u00fcd\u00fcrl\u00fc\u011f\u00fc&#8217;de <a href=\"http:\/\/arkonconsult.ru\/?page_id=717\">akredite edilmi\u015f \u015firket<\/a> ad\u0131na;<\/p>\n<p>&#8212; <a href=\"http:\/\/arkonconsult.ru\/?page_id=739\">turist<\/a> vizesi i\u00e7in Rusya D\u0131\u015fi\u015fleri Bakanl\u0131\u011f\u0131&#8217;ndan turistik davetiyeleri d\u00fczenleme hakk\u0131n\u0131 alan \u015firket ad\u0131na;<\/p>\n<p>&#8212; <a href=\"http:\/\/arkonconsult.ru\/?page_id=741\">\u00f6zel<\/a> vize i\u00e7in \u00f6zel \u015fah\u0131stan ad\u0131na d\u00fczenlenmektedir.<\/p>\n<p>Giri\u015f vizesinin her zaman belirli ge\u00e7erlilik s\u00fcresi (1 aydan 3 y\u0131la kadar) vard\u0131r ve Rusya Federasyonu s\u0131n\u0131rlar\u0131 i\u00e7ine tek, \u00e7ift veya m\u00fckerrer giri\u015fleri \u00f6ng\u00f6r\u00fclebilmektedir.<\/p>\n<p>Rusya Federasyonu&#8217;na giri\u015f i\u00e7in vize davetiyeleri konusunda yabanc\u0131 vatanda\u015f\u0131n pasaportunun ge\u00e7erlilik s\u00fcresi ile ilgili olarak Federal G\u00f6\u00e7 Servisi M\u00fcd\u00fcrl\u00fc\u011f\u00fc&#8217;n\u00fcn talebini dikkate almak gerekmektedir. S\u00f6z konusu talep uyar\u0131nca bu s\u00fcre, istenen vizenin ge\u00e7erlilik s\u00fcresinden en az 6 ay daha fazla olmal\u0131d\u0131r.<\/p>\n<p>Giri\u015f vizesi davetiyeleri d\u00fczenleme s\u00fcreleri, istenen vizenin t\u00fcr\u00fc, s\u00fcresi ve s\u0131kl\u0131\u011f\u0131na ve d\u00fczenleme y\u00f6ntemine ba\u011fl\u0131 olarak 2 ile 21 i\u015f g\u00fcn\u00fc aras\u0131ndaki s\u00fcreyi olu\u015fturmakta ve de\u011fi\u015fik formlarda bi\u00e7imlenmektadir (Federal G\u00f6\u00e7 Servisi formu, D\u0131\u015fi\u015fleri Bakanl\u0131\u011f\u0131 formu veya D\u0131\u015fi\u015fleri Bakanl\u0131\u011f\u0131&#8217;n\u0131n teleksli emri).<\/p>\n<p>Davetiyeyi (genellikle orjinalini) vizenin d\u00fczenlenmesi i\u00e7in yabanc\u0131 vatanda\u015f di\u011fer belgelerle ile birlikte oturdu\u011fu veya bulundu\u011fu \u00fclkedeki Rusya Federasyonu konsoloslu\u011fu&#8217;na sunmaktad\u0131r.<\/p>\n<p>Konsolosluk kurumlar\u0131na sunulmak \u00fczere gerekli belgelerin listesi, ilgili Rusya Federasyonu Konsoloslu\u011fu web sitesinden y\u00fcklenebilir.<\/p>\n","protected":false},"excerpt":{"rendered":"<p>Yabanc\u0131 vatanda\u015f\u0131n Rusya Federasyonu&#8217;na giri\u015f i\u00e7in vizeyi alma dayana\u011f\u0131, Rusya&#8217;da kay\u0131tl\u0131 \u015firketten veya Rusya Federasyonu vatanda\u015f\u0131 olan \u00f6zel bir \u015fahs\u0131ndan al\u0131nan vize davetiyesi olmaktad\u0131r. Vize davetiyeleri, &#8212;\u00a0 i\u015f \u00a0veya \u00e7al\u0131\u015fma vizesi i\u00e7in Rusya Federasyonu herhangi eyaletinin Federasl G\u00f6\u00e7 Servisi M\u00fcd\u00fcrl\u00fc\u011f\u00fc&#8217;de akredite edilmi\u015f \u015firket ad\u0131na; &#8212; turist vizesi i\u00e7in Rusya D\u0131\u015fi\u015fleri Bakanl\u0131\u011f\u0131&#8217;ndan turistik davetiyeleri d\u00fczenleme hakk\u0131n\u0131 [&hellip;]<\/p>\n","protected":false},"author":1,"featured_media":532,"parent":725,"menu_order":1,"comment_status":"closed","ping_status":"closed","template":"","meta":{"_mi_skip_tracking":false,"_monsterinsights_sitenote_active":false,"_monsterinsights_sitenote_note":"","_monsterinsights_sitenote_category":0,"footnotes":""},"_links":{"self":[{"href":"http:\/\/arkonconsult.ru\/index.php?rest_route=\/wp\/v2\/pages\/732"}],"collection":[{"href":"http:\/\/arkonconsult.ru\/index.php?rest_route=\/wp\/v2\/pages"}],"about":[{"href":"http:\/\/arkonconsult.ru\/index.php?rest_route=\/wp\/v2\/types\/page"}],"author":[{"embeddable":true,"href":"http:\/\/arkonconsult.ru\/index.php?rest_route=\/wp\/v2\/users\/1"}],"replies":[{"embeddable":true,"href":"http:\/\/arkonconsult.ru\/index.php?rest_route=%2Fwp%2Fv2%2Fcomments&post=732"}],"version-history":[{"count":4,"href":"http:\/\/arkonconsult.ru\/index.php?rest_route=\/wp\/v2\/pages\/732\/revisions"}],"predecessor-version":[{"id":1310,"href":"http:\/\/arkonconsult.ru\/index.php?rest_route=\/wp\/v2\/pages\/732\/revisions\/1310"}],"up":[{"embeddable":true,"href":"http:\/\/arkonconsult.ru\/index.php?rest_route=\/wp\/v2\/pages\/725"}],"wp:featuredmedia":[{"embeddable":true,"href":"http:\/\/arkonconsult.ru\/index.php?rest_route=\/wp\/v2\/media\/532"}],"wp:attachment":[{"href":"http:\/\/arkonconsult.ru\/index.php?rest_route=%2Fwp%2Fv2%2Fmedia&parent=732"}],"curies":[{"name":"wp","href":"https:\/\/api.w.org\/{rel}","templated":true}]}}