{"id":730,"date":"2015-12-18T13:29:07","date_gmt":"2015-12-18T10:29:07","guid":{"rendered":"http:\/\/arkonconsult.ru\/?page_id=730"},"modified":"2015-12-18T13:29:07","modified_gmt":"2015-12-18T10:29:07","slug":"vatandaslarinin-rusya-federasyonuna-vizesiz-girme-hakkina-sahip-olduklari-ulkelerin-listesi","status":"publish","type":"page","link":"http:\/\/arkonconsult.ru\/?page_id=730&lang=tr","title":{"rendered":"Vatanda\u015flar\u0131n\u0131n Rusya Federasyonu&#8217;na vizesiz girme hakk\u0131na sahip olduklar\u0131 \u00fclkelerin listesi"},"content":{"rendered":"<table width=\"719\">\n<tbody>\n<tr>\n<td width=\"146\"><strong>\u00dclke<\/strong><\/td>\n<td width=\"573\"><strong>Vizesiz kalma s\u00fcresi<\/strong><strong>, <\/strong><strong>gerekli belgeler<\/strong><\/td>\n<\/tr>\n<tr>\n<td width=\"146\">Abhazya<\/td>\n<td width=\"573\">Rusya Federasyonu&#8217;na 90 g\u00fcn\u00fc ge\u00e7meyen bir s\u00fcre i\u00e7in vizesiz giri\u015f.<\/td>\n<\/tr>\n<tr>\n<td width=\"146\">Azerbeycan<\/td>\n<td width=\"573\">Rusya Federasyonu&#8217;na 90 g\u00fcn\u00fc ge\u00e7meyen bir s\u00fcre i\u00e7in vizesiz giri\u015f.<\/td>\n<\/tr>\n<tr>\n<td width=\"146\">Arjantin<\/td>\n<td width=\"573\">180 g\u00fcn s\u00fcresince toplam kal\u0131\u015f s\u00fcresi, 90 g\u00fcn\u00fc a\u015fmamal\u0131d\u0131r (180 g\u00fcn s\u00fcresi, Rusya Federasyonu&#8217;na giri\u015f an\u0131ndan itibaren say\u0131lmaktad\u0131r).<\/td>\n<\/tr>\n<tr>\n<td width=\"146\">Ermenistan<\/td>\n<td width=\"573\">Rusya Federasyonu&#8217;na 90 g\u00fcn\u00fc ge\u00e7meyen bir s\u00fcre i\u00e7in vizesiz giri\u015f.<\/td>\n<\/tr>\n<tr>\n<td width=\"146\">Belarus<\/td>\n<td width=\"573\">Rusya Federasyonu&#8217;na 90 g\u00fcn\u00fc ge\u00e7meyen bir s\u00fcre i\u00e7in vizesiz giri\u015f.<\/td>\n<\/tr>\n<tr>\n<td width=\"146\">Bosna ve Hersek<\/td>\n<td width=\"573\">Turistler i\u00e7in 30 g\u00fcne kadar (turist davetiyesinin mevcudiyetinde) resmi ve \u00f6zel seyahatlar 90 g\u00fcne kadar, davetiyenin orjinali gerekmektedir<\/td>\n<\/tr>\n<tr>\n<td width=\"146\">Brezilya<\/td>\n<td width=\"573\">180 g\u00fcn s\u00fcresince toplam kal\u0131\u015f s\u00fcresi, 90 g\u00fcn\u00fc a\u015fmamal\u0131d\u0131r (180 g\u00fcn s\u00fcresi, Rusya Federasyonu&#8217;na giri\u015f an\u0131ndan itibaren say\u0131lmaktad\u0131r).<\/td>\n<\/tr>\n<tr>\n<td width=\"146\">Venezuela<\/td>\n<td width=\"573\">180 g\u00fcn s\u00fcresince toplam kal\u0131\u015f s\u00fcresi, 90 g\u00fcn\u00fc a\u015fmamal\u0131d\u0131r (180 g\u00fcn s\u00fcresi, Rusya Federasyonu&#8217;na giri\u015f an\u0131ndan itibaren say\u0131lmaktad\u0131r).<\/td>\n<\/tr>\n<tr>\n<td width=\"146\">\u0130srail<\/td>\n<td width=\"573\">180 g\u00fcn s\u00fcresince toplam kal\u0131\u015f s\u00fcresi, 90 g\u00fcn\u00fc a\u015fmamal\u0131d\u0131r (180 g\u00fcn s\u00fcresi, Rusya Federasyonu&#8217;na giri\u015f an\u0131ndan itibaren say\u0131lmaktad\u0131r).<\/td>\n<\/tr>\n<tr>\n<td width=\"146\">Kazakistan<\/td>\n<td width=\"573\">S\u0131n\u0131r kap\u0131s\u0131n\u0131 ge\u00e7me an\u0131ndan itibaren en fazla 90 g\u00fcn.<\/td>\n<\/tr>\n<tr>\n<td width=\"146\">K\u0131rg\u0131zistan<\/td>\n<td width=\"573\">S\u0131n\u0131r kap\u0131s\u0131n\u0131 ge\u00e7me an\u0131ndan itibaren en fazla 90 g\u00fcn.<\/td>\n<\/tr>\n<tr>\n<td width=\"146\">Kolombiya<\/td>\n<td width=\"573\">180 g\u00fcn s\u00fcresince toplam kal\u0131\u015f s\u00fcresi, 90 g\u00fcn\u00fc a\u015fmamal\u0131d\u0131r (180 g\u00fcn s\u00fcresi, Rusya Federasyonu&#8217;na giri\u015f an\u0131ndan itibaren say\u0131lmaktad\u0131r).<\/td>\n<\/tr>\n<tr>\n<td width=\"146\">K\u00fcba<\/td>\n<td width=\"573\">180 g\u00fcn s\u00fcresince toplam kal\u0131\u015f s\u00fcresi, 90 g\u00fcn\u00fc a\u015fmamal\u0131d\u0131r (180 g\u00fcn s\u00fcresi, Rusya Federasyonu&#8217;na giri\u015f an\u0131ndan itibaren say\u0131lmaktad\u0131r). Davetiyenin orjinali gerekmektedir.<\/td>\n<\/tr>\n<tr>\n<td width=\"146\">Makedonya<\/td>\n<td width=\"573\">Turistler i\u00e7in kalma s\u00fcresi, en fazla 30 g\u00fcn, ticari olm\u0131yan ama\u00e7lar i\u00e7in en fazla 90 g\u00fcn. Vatanda\u015flar\u0131n giri\u015fi i\u00e7in dayanak, yetkili makam taraf\u0131ndan onayl\u0131 davetiyenin orjinalinin mevcudiyeti olmaktad\u0131r.<\/td>\n<\/tr>\n<tr>\n<td width=\"146\">Moldova<\/td>\n<td width=\"573\">Rusya Federasyonu&#8217;na 90 g\u00fcn\u00fc ge\u00e7meyen bir s\u00fcre i\u00e7in vizesiz giri\u015f.<\/td>\n<\/tr>\n<tr>\n<td width=\"146\">Nikaragua<\/td>\n<td width=\"573\">Rusya Federasyonu&#8217;na 90 g\u00fcn\u00fc ge\u00e7meyen bir s\u00fcre i\u00e7in vizesiz giri\u015f. Vizesiz toplam kal\u0131\u015f s\u00fcresi, 180 g\u00fcnl\u00fck her d\u00f6nemde en fazla 90 g\u00fcn. Davetiyenin orjinali gerekmektedir.<\/td>\n<\/tr>\n<tr>\n<td width=\"146\">Peru<\/td>\n<td width=\"573\">Rusya Federasyonu&#8217;na 90 g\u00fcn\u00fc ge\u00e7meyen bir s\u00fcre i\u00e7in vizesiz giri\u015f. Vizesiz toplam kal\u0131\u015f s\u00fcresi, 180 g\u00fcnl\u00fck her d\u00f6nemde en fazla 90 g\u00fcn. Davetiyenin orjinali gerekmektedir.<\/td>\n<\/tr>\n<tr>\n<td width=\"146\">S\u0131rbistan<\/td>\n<td width=\"573\">Rusya Federasyonu&#8217;na vizesiz giri\u015f en fazla 30 g\u00fcnl\u00fck bir s\u00fcre i\u00e7in, 8 Nisan 2008&#8217;den sonra verilen biyometrik pasaportt sahipleri i\u00e7in.<\/td>\n<\/tr>\n<tr>\n<td width=\"146\">Tacikistan<\/td>\n<td width=\"573\">Rusya Federasyonu&#8217;na 90 g\u00fcn\u00fc ge\u00e7meyen bir s\u00fcre i\u00e7in vizesiz giri\u015f.<\/td>\n<\/tr>\n<tr>\n<td width=\"146\">Tayland<\/td>\n<td width=\"573\">Rusya Federasyonu&#8217;na 30 g\u00fcn\u00fc ge\u00e7meyen bir s\u00fcre i\u00e7in vizesiz giri\u015f.\u00a0 Davetiyenin orjinali gerekmektedir.<\/td>\n<\/tr>\n<tr>\n<td width=\"146\">T\u00fcrkiye<\/td>\n<td width=\"573\">Rusya Federasyonu&#8217;nda 30 g\u00fcnden daha fazla bir s\u00fcre i\u00e7inde bulunmak i\u00e7in vize ba\u015fvurusunda bulunmal\u0131d\u0131r.<\/td>\n<\/tr>\n<tr>\n<td width=\"146\">\u00d6zbekistan<\/td>\n<td width=\"573\">Rusya Federasyonu&#8217;na 90 g\u00fcn\u00fc ge\u00e7meyen bir s\u00fcre i\u00e7in vizesiz giri\u015f.<\/td>\n<\/tr>\n<tr>\n<td width=\"146\">Ukrayna<\/td>\n<td width=\"573\">Rusya Federasyonu&#8217;na 90 g\u00fcn\u00fc ge\u00e7meyen bir s\u00fcre i\u00e7in vizesiz giri\u015f.<\/td>\n<\/tr>\n<tr>\n<td width=\"146\">Uruguay<\/td>\n<td width=\"573\">180 g\u00fcn i\u00e7inde toplam kal\u0131\u015f s\u00fcresi, 90 g\u00fcn\u00fc a\u015fmamal\u0131d\u0131r (180 g\u00fcn s\u00fcresi, Rusya Federasyonu&#8217;na giri\u015f an\u0131ndan itibaren say\u0131lmaktad\u0131r).<\/td>\n<\/tr>\n<tr>\n<td width=\"146\">Karada\u011f<\/td>\n<td width=\"573\">Rusya Federasyonu&#8217;na 30 g\u00fcn\u00fc ge\u00e7meyen bir s\u00fcre i\u00e7in vizesiz giri\u015f. Giri\u015f davetiyenin orjinaline g\u00f6re yap\u0131lmaktad\u0131r.<\/td>\n<\/tr>\n<tr>\n<td width=\"146\">\u015eili<\/td>\n<td width=\"573\">180 g\u00fcn i\u00e7inde toplam kal\u0131\u015f s\u00fcresi, 90 g\u00fcn\u00fc a\u015fmamal\u0131d\u0131r (180 g\u00fcn s\u00fcresi, Rusya Federasyonu&#8217;na giri\u015f an\u0131ndan itibaren say\u0131lmaktad\u0131r). Davetiyenin orjinali gerekmektedir.<\/td>\n<\/tr>\n<\/tbody>\n<\/table>\n","protected":false},"excerpt":{"rendered":"<p>\u00dclke Vizesiz kalma s\u00fcresi, gerekli belgeler Abhazya Rusya Federasyonu&#8217;na 90 g\u00fcn\u00fc ge\u00e7meyen bir s\u00fcre i\u00e7in vizesiz giri\u015f. Azerbeycan Rusya Federasyonu&#8217;na 90 g\u00fcn\u00fc ge\u00e7meyen bir s\u00fcre i\u00e7in vizesiz giri\u015f. Arjantin 180 g\u00fcn s\u00fcresince toplam kal\u0131\u015f s\u00fcresi, 90 g\u00fcn\u00fc a\u015fmamal\u0131d\u0131r (180 g\u00fcn s\u00fcresi, Rusya Federasyonu&#8217;na giri\u015f an\u0131ndan itibaren say\u0131lmaktad\u0131r). Ermenistan Rusya Federasyonu&#8217;na 90 g\u00fcn\u00fc ge\u00e7meyen bir s\u00fcre [&hellip;]<\/p>\n","protected":false},"author":1,"featured_media":0,"parent":725,"menu_order":0,"comment_status":"closed","ping_status":"closed","template":"","meta":{"_mi_skip_tracking":false,"_monsterinsights_sitenote_active":false,"_monsterinsights_sitenote_note":"","_monsterinsights_sitenote_category":0,"footnotes":""},"_links":{"self":[{"href":"http:\/\/arkonconsult.ru\/index.php?rest_route=\/wp\/v2\/pages\/730"}],"collection":[{"href":"http:\/\/arkonconsult.ru\/index.php?rest_route=\/wp\/v2\/pages"}],"about":[{"href":"http:\/\/arkonconsult.ru\/index.php?rest_route=\/wp\/v2\/types\/page"}],"author":[{"embeddable":true,"href":"http:\/\/arkonconsult.ru\/index.php?rest_route=\/wp\/v2\/users\/1"}],"replies":[{"embeddable":true,"href":"http:\/\/arkonconsult.ru\/index.php?rest_route=%2Fwp%2Fv2%2Fcomments&post=730"}],"version-history":[{"count":1,"href":"http:\/\/arkonconsult.ru\/index.php?rest_route=\/wp\/v2\/pages\/730\/revisions"}],"predecessor-version":[{"id":731,"href":"http:\/\/arkonconsult.ru\/index.php?rest_route=\/wp\/v2\/pages\/730\/revisions\/731"}],"up":[{"embeddable":true,"href":"http:\/\/arkonconsult.ru\/index.php?rest_route=\/wp\/v2\/pages\/725"}],"wp:attachment":[{"href":"http:\/\/arkonconsult.ru\/index.php?rest_route=%2Fwp%2Fv2%2Fmedia&parent=730"}],"curies":[{"name":"wp","href":"https:\/\/api.w.org\/{rel}","templated":true}]}}