{"id":728,"date":"2015-12-18T13:23:35","date_gmt":"2015-12-18T10:23:35","guid":{"rendered":"http:\/\/arkonconsult.ru\/?page_id=728"},"modified":"2018-12-10T18:47:54","modified_gmt":"2018-12-10T15:47:54","slug":"vizelerin-kategorileri-ve-turleri","status":"publish","type":"page","link":"http:\/\/arkonconsult.ru\/?page_id=728&lang=tr","title":{"rendered":"Vizelerin kategorileri ve t\u00fcrleri"},"content":{"rendered":"<p><img loading=\"lazy\" decoding=\"async\" class=\"alignleft wp-image-804 size-medium\" title=\"Vizelerin kategorileri ve t\u00fcrleri\" src=\"http:\/\/arkonconsult.ru\/wp-content\/uploads\/2015\/12\/\u0432\u0438\u0434\u044b-\u0432\u0438\u0437-300x262.jpg\" alt=\"Vizelerin kategorileri ve t\u00fcrleri\" width=\"300\" height=\"262\" srcset=\"http:\/\/arkonconsult.ru\/wp-content\/uploads\/2015\/12\/\u0432\u0438\u0434\u044b-\u0432\u0438\u0437-300x262.jpg 300w, http:\/\/arkonconsult.ru\/wp-content\/uploads\/2015\/12\/\u0432\u0438\u0434\u044b-\u0432\u0438\u0437.jpg 492w\" sizes=\"(max-width: 300px) 100vw, 300px\" \/>V\u0130ZE FORMUNUN KURULU\u015eU, ONU D\u00dcZENLEME VE VER\u0130L\u0130\u015e D\u00dcZEN\u0130 VE KO\u015eULLARI, ONUN GE\u00c7ERL\u0130L\u0130K S\u00dcRES\u0130N\u0130N UZATILMASI, KAYBI DURUMUNDA ONUN \u0130ADE ED\u0130LMES\u0130 VE V\u0130ZEN\u0130N \u0130PTAL D\u00dcZEN\u0130 HAKKINDAK\u0130 H\u00dcKM\u00dc\u2019nden al\u0131nt\u0131<\/p>\n<p>(09\/06\/2003 tarihli 335 Say\u0131l\u0131 Rusya Federasyonu H\u00fck\u00fcmetinin Kararnamesi ile onayland\u0131)<\/p>\n<p>(\u2026)<\/p>\n<ol>\n<li>Vizelerin kategori ve t\u00fcrleri<\/li>\n<li>Yabanc\u0131 vatanda\u015flar\u0131n Rusya Federasyonu&#8217;na giri\u015f ve onlar\u0131n Rusya Federasyonu&#8217;nda kalma ama\u00e7lar\u0131na ba\u011fl\u0131 olarak yabanc\u0131 vatanda\u015flara verilen vize kategorileri \u015funlard\u0131r:<\/li>\n<\/ol>\n<p>&#8212; diplomatik (DP);<\/p>\n<p>&#8212; hizmet (SL);<\/p>\n<p>&#8212; ola\u011fan (\u041e);<\/p>\n<p>&#8212; transit (\u0422R1 veya \u0422R2);<\/p>\n<p>&#8212; ge\u00e7ici ikamet eden ki\u015finin vizesi (VP).<\/p>\n<p>(\u2026)<\/p>\n<ol start=\"27\">\n<li>Yabanc\u0131 vatanda\u015f\u0131n Rusya Federasyonu&#8217;na giri\u015f ve onun Rusya Federasyonu&#8217;nda kalma ama\u00e7lar\u0131na ba\u011fl\u0131 olarak ola\u011fan vizenin a\u015fa\u011f\u0131daki t\u00fcrleri vard\u0131r:<\/li>\n<\/ol>\n<p>&#8212; \u00f6zel (\u00c7);<\/p>\n<p>&#8212; i\u015f (D);<\/p>\n<p>&#8212; gruplu (TG) dahil olmak \u00fczere turistik (T);<\/p>\n<p>&#8212; e\u011fitim (U);<\/p>\n<p>&#8212; \u00e7al\u0131\u015fma (R);<\/p>\n<p>&#8212; insani (G);<\/p>\n<p>&#8212; Rusya Federasyonu&#8217;na iltica (A) ama\u00e7l\u0131 giri\u015f i\u00e7in.<\/p>\n","protected":false},"excerpt":{"rendered":"<p>V\u0130ZE FORMUNUN KURULU\u015eU, ONU D\u00dcZENLEME VE VER\u0130L\u0130\u015e D\u00dcZEN\u0130 VE KO\u015eULLARI, ONUN GE\u00c7ERL\u0130L\u0130K S\u00dcRES\u0130N\u0130N UZATILMASI, KAYBI DURUMUNDA ONUN \u0130ADE ED\u0130LMES\u0130 VE V\u0130ZEN\u0130N \u0130PTAL D\u00dcZEN\u0130 HAKKINDAK\u0130 H\u00dcKM\u00dc\u2019nden al\u0131nt\u0131 (09\/06\/2003 tarihli 335 Say\u0131l\u0131 Rusya Federasyonu H\u00fck\u00fcmetinin Kararnamesi ile onayland\u0131) (\u2026) Vizelerin kategori ve t\u00fcrleri Yabanc\u0131 vatanda\u015flar\u0131n Rusya Federasyonu&#8217;na giri\u015f ve onlar\u0131n Rusya Federasyonu&#8217;nda kalma ama\u00e7lar\u0131na ba\u011fl\u0131 olarak yabanc\u0131 [&hellip;]<\/p>\n","protected":false},"author":1,"featured_media":530,"parent":725,"menu_order":0,"comment_status":"closed","ping_status":"closed","template":"","meta":{"_mi_skip_tracking":false,"_monsterinsights_sitenote_active":false,"_monsterinsights_sitenote_note":"","_monsterinsights_sitenote_category":0,"footnotes":""},"_links":{"self":[{"href":"http:\/\/arkonconsult.ru\/index.php?rest_route=\/wp\/v2\/pages\/728"}],"collection":[{"href":"http:\/\/arkonconsult.ru\/index.php?rest_route=\/wp\/v2\/pages"}],"about":[{"href":"http:\/\/arkonconsult.ru\/index.php?rest_route=\/wp\/v2\/types\/page"}],"author":[{"embeddable":true,"href":"http:\/\/arkonconsult.ru\/index.php?rest_route=\/wp\/v2\/users\/1"}],"replies":[{"embeddable":true,"href":"http:\/\/arkonconsult.ru\/index.php?rest_route=%2Fwp%2Fv2%2Fcomments&post=728"}],"version-history":[{"count":3,"href":"http:\/\/arkonconsult.ru\/index.php?rest_route=\/wp\/v2\/pages\/728\/revisions"}],"predecessor-version":[{"id":1309,"href":"http:\/\/arkonconsult.ru\/index.php?rest_route=\/wp\/v2\/pages\/728\/revisions\/1309"}],"up":[{"embeddable":true,"href":"http:\/\/arkonconsult.ru\/index.php?rest_route=\/wp\/v2\/pages\/725"}],"wp:featuredmedia":[{"embeddable":true,"href":"http:\/\/arkonconsult.ru\/index.php?rest_route=\/wp\/v2\/media\/530"}],"wp:attachment":[{"href":"http:\/\/arkonconsult.ru\/index.php?rest_route=%2Fwp%2Fv2%2Fmedia&parent=728"}],"curies":[{"name":"wp","href":"https:\/\/api.w.org\/{rel}","templated":true}]}}