{"id":721,"date":"2015-12-18T12:19:22","date_gmt":"2015-12-18T09:19:22","guid":{"rendered":"http:\/\/arkonconsult.ru\/?page_id=721"},"modified":"2018-12-10T18:29:46","modified_gmt":"2018-12-10T15:29:46","slug":"tuzel-kisilerin-ortaklarin-ve-akit-taraflarinin-yoklanmasi","status":"publish","type":"page","link":"http:\/\/arkonconsult.ru\/?page_id=721&lang=tr","title":{"rendered":"T\u00fczel ki\u015filerin ortaklar\u0131n ve akit taraflar\u0131n\u0131n yoklanmas\u0131"},"content":{"rendered":"<p><img loading=\"lazy\" decoding=\"async\" class=\"alignleft wp-image-798 size-medium\" title=\"T\u00fczel ki\u015filerin ortaklar\u0131n ve akit taraflar\u0131n\u0131n yoklanmas\u0131\" src=\"http:\/\/arkonconsult.ru\/wp-content\/uploads\/2015\/12\/\u043f\u0440\u043e\u0432\u0435\u0440\u043a\u0430-2-300x239.jpg\" alt=\"T\u00fczel ki\u015filerin ortaklar\u0131n ve akit taraflar\u0131n\u0131n yoklanmas\u0131\" width=\"300\" height=\"239\" srcset=\"http:\/\/arkonconsult.ru\/wp-content\/uploads\/2015\/12\/\u043f\u0440\u043e\u0432\u0435\u0440\u043a\u0430-2-300x239.jpg 300w, http:\/\/arkonconsult.ru\/wp-content\/uploads\/2015\/12\/\u043f\u0440\u043e\u0432\u0435\u0440\u043a\u0430-2.jpg 480w\" sizes=\"(max-width: 300px) 100vw, 300px\" \/>Yeni \u015firketlerle i\u015f ili\u015fkileri kurmak, herhangi bir i\u015fin geli\u015fmesi i\u00e7in zorunlu ko\u015fuldur. Yeni ortaklar ile i\u015fbirli\u011fi, firman\u0131n b\u00fcy\u00fcmesi i\u00e7in yeni ufuklar a\u00e7abilir, ya da mali kay\u0131plara g\u00f6t\u00fcrebilir veya itibar\u0131 berbat edebilir. Bazen \u00f6yle oluyor ki uzun vadeli i\u015fbirli\u011fine \u00fcmit edilen yeni ortak veya akit taraf sadece ba\u015fkas\u0131n\u0131n pahas\u0131na banal \u015fekilde zenginle\u015fmeye isteyen doland\u0131r\u0131c\u0131d\u0131r. Herhangi bir \u015firket, i\u015f sahibi veya y\u00f6neticisi olan insanlar, her zaman g\u00f6r\u00fcn\u00fcrde olm\u0131yan ama profesyonellerden gizlemesi zor olan ge\u00e7mi\u015fe sahiptirler. Yeni ve hatta tan\u0131nm\u0131\u015f akit taraflar ile etkile\u015fimin riskini ortadan kald\u0131rmak elbette m\u00fcmk\u00fcn de\u011fildir, ama i\u015f ortaklar\u0131 ve akit taraflar\u0131n\u0131z\u0131n g\u00fcvenilirli\u011fini kontrol etme talimat\u0131n\u0131 bu t\u00fcr sorular\u0131n \u00e7\u00f6z\u00fcm\u00fcnde uzmanla\u015fm\u0131\u015f firmaya vererek b\u00f6ylece riskleri en aza indirmeye \u00f6nceden \u00e7al\u0131\u015fmak daha iyidir.<\/p>\n","protected":false},"excerpt":{"rendered":"<p>Yeni \u015firketlerle i\u015f ili\u015fkileri kurmak, herhangi bir i\u015fin geli\u015fmesi i\u00e7in zorunlu ko\u015fuldur. Yeni ortaklar ile i\u015fbirli\u011fi, firman\u0131n b\u00fcy\u00fcmesi i\u00e7in yeni ufuklar a\u00e7abilir, ya da mali kay\u0131plara g\u00f6t\u00fcrebilir veya itibar\u0131 berbat edebilir. Bazen \u00f6yle oluyor ki uzun vadeli i\u015fbirli\u011fine \u00fcmit edilen yeni ortak veya akit taraf sadece ba\u015fkas\u0131n\u0131n pahas\u0131na banal \u015fekilde zenginle\u015fmeye isteyen doland\u0131r\u0131c\u0131d\u0131r. Herhangi bir [&hellip;]<\/p>\n","protected":false},"author":1,"featured_media":483,"parent":707,"menu_order":4,"comment_status":"closed","ping_status":"open","template":"","meta":{"_mi_skip_tracking":false,"_monsterinsights_sitenote_active":false,"_monsterinsights_sitenote_note":"","_monsterinsights_sitenote_category":0,"footnotes":""},"_links":{"self":[{"href":"http:\/\/arkonconsult.ru\/index.php?rest_route=\/wp\/v2\/pages\/721"}],"collection":[{"href":"http:\/\/arkonconsult.ru\/index.php?rest_route=\/wp\/v2\/pages"}],"about":[{"href":"http:\/\/arkonconsult.ru\/index.php?rest_route=\/wp\/v2\/types\/page"}],"author":[{"embeddable":true,"href":"http:\/\/arkonconsult.ru\/index.php?rest_route=\/wp\/v2\/users\/1"}],"replies":[{"embeddable":true,"href":"http:\/\/arkonconsult.ru\/index.php?rest_route=%2Fwp%2Fv2%2Fcomments&post=721"}],"version-history":[{"count":4,"href":"http:\/\/arkonconsult.ru\/index.php?rest_route=\/wp\/v2\/pages\/721\/revisions"}],"predecessor-version":[{"id":1304,"href":"http:\/\/arkonconsult.ru\/index.php?rest_route=\/wp\/v2\/pages\/721\/revisions\/1304"}],"up":[{"embeddable":true,"href":"http:\/\/arkonconsult.ru\/index.php?rest_route=\/wp\/v2\/pages\/707"}],"wp:featuredmedia":[{"embeddable":true,"href":"http:\/\/arkonconsult.ru\/index.php?rest_route=\/wp\/v2\/media\/483"}],"wp:attachment":[{"href":"http:\/\/arkonconsult.ru\/index.php?rest_route=%2Fwp%2Fv2%2Fmedia&parent=721"}],"curies":[{"name":"wp","href":"https:\/\/api.w.org\/{rel}","templated":true}]}}