{"id":719,"date":"2015-12-18T12:05:44","date_gmt":"2015-12-18T09:05:44","guid":{"rendered":"http:\/\/arkonconsult.ru\/?page_id=719"},"modified":"2018-12-10T18:24:04","modified_gmt":"2018-12-10T15:24:04","slug":"tuzel-kisilerin-kaydi-ve-tasfiyesi","status":"publish","type":"page","link":"http:\/\/arkonconsult.ru\/?page_id=719&lang=tr","title":{"rendered":"T\u00fczel ki\u015filerin kayd\u0131 ve tasfiyesi"},"content":{"rendered":"<p><img loading=\"lazy\" decoding=\"async\" class=\"alignleft wp-image-794 size-medium\" title=\"T\u00fczel ki\u015filerin kayd\u0131 ve tasfiyesi\" src=\"http:\/\/arkonconsult.ru\/wp-content\/uploads\/2015\/12\/\u043b\u0438\u043a\u0432.-\u043f\u0440\u0435\u0434\u043f\u0440.-2-300x239.jpg\" alt=\"T\u00fczel ki\u015filerin kayd\u0131 ve tasfiyesi\" width=\"300\" height=\"239\" srcset=\"http:\/\/arkonconsult.ru\/wp-content\/uploads\/2015\/12\/\u043b\u0438\u043a\u0432.-\u043f\u0440\u0435\u0434\u043f\u0440.-2-300x239.jpg 300w, http:\/\/arkonconsult.ru\/wp-content\/uploads\/2015\/12\/\u043b\u0438\u043a\u0432.-\u043f\u0440\u0435\u0434\u043f\u0440.-2.jpg 480w\" sizes=\"(max-width: 300px) 100vw, 300px\" \/>Limited \u015eirketinin (Ltd.\u015eti.) veya Anonim \u015eirketinin (A.\u015e.) devlet kayd\u0131 hakk\u0131ndaki dilek\u00e7enin haz\u0131rlanmas\u0131 i\u00e7in gerekli belgeler listesi a\u015fa\u011f\u0131dad\u0131r.<\/p>\n<p>Rusya\u2019da kay\u0131tl\u0131 T\u00fczel ki\u015filer olan kurucular a\u015fa\u011f\u0131daki belgeleri sunacak:<\/p>\n<p>&#8212; t\u00fczel ki\u015finin devlet kayd\u0131 belgesi;<\/p>\n<p>&#8212; \u015firketin vergi makam\u0131nda kayda konulmas\u0131 belgesi;<\/p>\n<p>&#8212; \u015firket y\u00f6neticisinin atanmas\u0131 (veya se\u00e7ilmesi) hakk\u0131nda tutanak (karar);<\/p>\n<p>&#8212; \u015firketin t\u00fcz\u00fc\u011f\u00fc;<\/p>\n<p>&#8212; \u015firketin kurulu\u015f s\u00f6zle\u015fmesi (varsa);<\/p>\n<p>&#8212; T\u00fczel Ki\u015filerin Birle\u015fik Devlet Sicilinden al\u0131nt\u0131 (\u2018EGRUL\u2019 sicilnamesi).<\/p>\n<p>Rusya Federasyonu vatanda\u015flar\u0131 ve ger\u00e7ek ki\u015filer olan kurucular a\u015fa\u011f\u0131daki belgeleri sunacak:<\/p>\n<p>&#8212; pasaport bilgileri;<\/p>\n<p>&#8212; ger\u00e7ek ki\u015finin Vergi M\u00fckellefiyeti Kimlik Numaras\u0131 (varsa).<\/p>\n<p>Rusya Federasyonu vatanda\u015flar\u0131 olan atanacak (se\u00e7ilecek) y\u00f6netici (ve varsa ba\u015f muhasebeci) a\u015fa\u011f\u0131daki belgeleri sunacak:<\/p>\n<p>&#8212; pasaport verileri;<\/p>\n<p>&#8212; ger\u00e7ek ki\u015finin Vergi M\u00fckellefiyeti Kimlik Numaras\u0131 (varsa).<\/p>\n<p>Yabanc\u0131 vatanda\u015f olan atanacak (se\u00e7ilecek) \u00a0y\u00f6netici a\u015fa\u011f\u0131daki belgeleri sunacak:<\/p>\n<p>&#8212; noter tasdikli Rus\u00e7a&#8217;ya terc\u00fcmesi ile birlikte pasaport fotokopisi.<\/p>\n<p>Di\u011fer \u00fclkeler uyruklu t\u00fczel ki\u015filer olan kurucular a\u015fa\u011f\u0131daki belgeleri sunacak:<\/p>\n<p>&#8212; t\u00fczel ki\u015finin asl\u0131 olan \u00fclkenin mevzuat\u0131na g\u00f6re t\u00fczel ki\u015finin yasal stat\u00fcs\u00fcn\u00fc teyit eden Rusya Federasyonu B\u00fcy\u00fckel\u00e7ili\u011fi&#8217;nde (konsoloslu\u011fu&#8217;nda) yasalla\u015ft\u0131r\u0131lan belgeler;<\/p>\n<p>&#8212; t\u00fczel ki\u015finin devlet kayd\u0131n\u0131 teyit eden belgeler;<\/p>\n<p>&#8212; t\u00fczel ki\u015finin kurulu\u015f belgeleri;<\/p>\n<p>&#8212; t\u00fczel ki\u015finin banka hesab\u0131n\u0131n a\u00e7\u0131lmas\u0131 hakk\u0131nda ilm\u00fchaber;<\/p>\n<p>&#8212; \u015firket y\u00f6neticisinin se\u00e7ilmesi veya atanmas\u0131n\u0131 teyit eden belge;<\/p>\n<p>&#8212; yabanc\u0131 \u015firketin ad\u0131na belgeleri imzalamaya yetkisi olan temsilciye verilmi\u015f vekaletname;<\/p>\n<p>&#8212; t\u00fczel ki\u015finin vergi kayd\u0131na konulmas\u0131 hakk\u0131nda belge.<\/p>\n<p>T\u00fczel ki\u015finin tasfiyesi hakk\u0131ndaki dilek\u00e7enin haz\u0131rlanmas\u0131 i\u00e7in gerekli belgelerin listesi, kabul edilecek tasfiye \u015femas\u0131na ba\u011fl\u0131 olup her durum i\u00e7in ayr\u0131 ayr\u0131 haz\u0131rlanmaktad\u0131r.<\/p>\n","protected":false},"excerpt":{"rendered":"<p>Limited \u015eirketinin (Ltd.\u015eti.) veya Anonim \u015eirketinin (A.\u015e.) devlet kayd\u0131 hakk\u0131ndaki dilek\u00e7enin haz\u0131rlanmas\u0131 i\u00e7in gerekli belgeler listesi a\u015fa\u011f\u0131dad\u0131r. Rusya\u2019da kay\u0131tl\u0131 T\u00fczel ki\u015filer olan kurucular a\u015fa\u011f\u0131daki belgeleri sunacak: &#8212; t\u00fczel ki\u015finin devlet kayd\u0131 belgesi; &#8212; \u015firketin vergi makam\u0131nda kayda konulmas\u0131 belgesi; &#8212; \u015firket y\u00f6neticisinin atanmas\u0131 (veya se\u00e7ilmesi) hakk\u0131nda tutanak (karar); &#8212; \u015firketin t\u00fcz\u00fc\u011f\u00fc; &#8212; \u015firketin kurulu\u015f s\u00f6zle\u015fmesi [&hellip;]<\/p>\n","protected":false},"author":1,"featured_media":479,"parent":707,"menu_order":3,"comment_status":"closed","ping_status":"closed","template":"","meta":{"_mi_skip_tracking":false,"_monsterinsights_sitenote_active":false,"_monsterinsights_sitenote_note":"","_monsterinsights_sitenote_category":0,"footnotes":""},"_links":{"self":[{"href":"http:\/\/arkonconsult.ru\/index.php?rest_route=\/wp\/v2\/pages\/719"}],"collection":[{"href":"http:\/\/arkonconsult.ru\/index.php?rest_route=\/wp\/v2\/pages"}],"about":[{"href":"http:\/\/arkonconsult.ru\/index.php?rest_route=\/wp\/v2\/types\/page"}],"author":[{"embeddable":true,"href":"http:\/\/arkonconsult.ru\/index.php?rest_route=\/wp\/v2\/users\/1"}],"replies":[{"embeddable":true,"href":"http:\/\/arkonconsult.ru\/index.php?rest_route=%2Fwp%2Fv2%2Fcomments&post=719"}],"version-history":[{"count":3,"href":"http:\/\/arkonconsult.ru\/index.php?rest_route=\/wp\/v2\/pages\/719\/revisions"}],"predecessor-version":[{"id":1301,"href":"http:\/\/arkonconsult.ru\/index.php?rest_route=\/wp\/v2\/pages\/719\/revisions\/1301"}],"up":[{"embeddable":true,"href":"http:\/\/arkonconsult.ru\/index.php?rest_route=\/wp\/v2\/pages\/707"}],"wp:featuredmedia":[{"embeddable":true,"href":"http:\/\/arkonconsult.ru\/index.php?rest_route=\/wp\/v2\/media\/479"}],"wp:attachment":[{"href":"http:\/\/arkonconsult.ru\/index.php?rest_route=%2Fwp%2Fv2%2Fmedia&parent=719"}],"curies":[{"name":"wp","href":"https:\/\/api.w.org\/{rel}","templated":true}]}}