{"id":717,"date":"2015-12-18T11:46:30","date_gmt":"2015-12-18T08:46:30","guid":{"rendered":"http:\/\/arkonconsult.ru\/?page_id=717"},"modified":"2018-12-10T18:27:51","modified_gmt":"2018-12-10T15:27:51","slug":"tuzel-kisilerin-rusya-federasyonu-federal-goc-servisi-mudurlugune-kayda-konulmasi","status":"publish","type":"page","link":"http:\/\/arkonconsult.ru\/?page_id=717&lang=tr","title":{"rendered":"T\u00fczel ki\u015filerin Rusya Federasyonu Federal G\u00f6\u00e7 Servisi M\u00fcd\u00fcrl\u00fc\u011f\u00fc&#8217;ne kayda konulmas\u0131"},"content":{"rendered":"<p><img loading=\"lazy\" decoding=\"async\" class=\"alignleft wp-image-796 size-medium\" title=\"T\u00fczel ki\u015filerin Rusya Federasyonu Federal G\u00f6\u00e7 Servisi'nde akreditasyon kart\u0131\" src=\"http:\/\/arkonconsult.ru\/wp-content\/uploads\/2015\/12\/\u0430\u043a\u043a\u0440\u0435\u0434-\u0446\u0438\u044f-\u0432-\u0423\u0424\u041c\u0421-300x262.jpg\" alt=\"T\u00fczel ki\u015filerin Rusya Federasyonu Federal G\u00f6\u00e7 Servisi'nde akreditasyon kart\u0131\" width=\"300\" height=\"262\" srcset=\"http:\/\/arkonconsult.ru\/wp-content\/uploads\/2015\/12\/\u0430\u043a\u043a\u0440\u0435\u0434-\u0446\u0438\u044f-\u0432-\u0423\u0424\u041c\u0421-300x262.jpg 300w, http:\/\/arkonconsult.ru\/wp-content\/uploads\/2015\/12\/\u0430\u043a\u043a\u0440\u0435\u0434-\u0446\u0438\u044f-\u0432-\u0423\u0424\u041c\u0421.jpg 492w\" sizes=\"(max-width: 300px) 100vw, 300px\" \/>Yabanc\u0131 vatanda\u015flar\u0131n Rusya Federasyonu s\u0131n\u0131rlar\u0131 i\u00e7ine girmesi i\u00e7in dayanak olan vize davetiyelerini <em><u>(<\/u><\/em>\u00abRUSYA FEDERASYONU&#8217;NA G\u0130R\u0130\u015e \u0130\u00c7\u0130N V\u0130ZEY\u0130 D\u00dcZENLEME D\u00dcZEN\u0130\u00bb sayfas\u0131na link) d\u00fczenleme hakk\u0131, sadece Rusya Federasyon eyaleti Federal G\u00f6\u00e7 Servisi M\u00fcd\u00fcrl\u00fc\u011f\u00fc&#8217;nde kay\u0131tta bulunan (akredite edilmi\u015f) t\u00fczel ki\u015filere verilmi\u015ftir.<\/p>\n<p>T\u00fczel ki\u015finin Rusya Federasyonu Federal G\u00f6\u00e7 Servisi M\u00fcd\u00fcrl\u00fc\u011f\u00fc&#8217;ne kayda konulmas\u0131, vize davetiyesinin d\u00fczenlenmesi i\u00e7in ilk ba\u015fvurunun yap\u0131lmas\u0131 s\u0131ras\u0131nda ger\u00e7ekle\u015ftirilmektedir.<\/p>\n<p>T\u00fczel ki\u015finin Rusya Federasyonu Federal G\u00f6\u00e7 Servisi M\u00fcd\u00fcrl\u00fc\u011f\u00fc&#8217;ne kayda konulmas\u0131 i\u00e7in sunulmas\u0131 gereken belgeler \u015funlard\u0131r:<\/p>\n<p>&#8212; t\u00fczel ki\u015finin vize davetiyelerini d\u00fczenleme i\u00e7in ba\u015fvuran \u015firket olarak Federal G\u00f6\u00e7 Servisi M\u00fcd\u00fcrl\u00fc\u011f\u00fc&#8217;nde kayda konulmas\u0131 hakk\u0131ndaki dilek\u00e7e;<\/p>\n<p>&#8212; \u015firket y\u00f6neticisinin pasaport fotokopisi;<\/p>\n<p>&#8212; t\u00fczel ki\u015finin devlet kayd\u0131 hakk\u0131ndaki belgenin fotokopisi (\u015firketin m\u00fchr\u00fc ile onayl\u0131);<\/p>\n<p>&#8212; \u015firketin vergi makam\u0131nda kayda konulmas\u0131 hakk\u0131ndaki belgenin iki fotokopisi (birisi, noter onayl\u0131, di\u011feri ise \u015firketin m\u00fchr\u00fc ile onayl\u0131d\u0131r);<\/p>\n<p>&#8212; T\u00fczel Ki\u015filerin Birle\u015fik Devlet Sicilinden al\u0131nt\u0131 (1 aydan daha ge\u00e7 olm\u0131yan s\u00fcreli).<\/p>\n<p>Federal G\u00f6\u00e7 Servisi M\u00fcd\u00fcrl\u00fc\u011f\u00fc g\u00f6revlilerinin talebi \u00fczerine (a\u011f\u0131rl\u0131kl\u0131 olarak g\u00f6\u00e7 a\u00e7\u0131s\u0131ndan tehlikeli say\u0131lan \u00fclkelerin vatanda\u015flar\u0131 davet etmeyi planlayan firmalar ilgilendirilmektedir) \u015firketin kayda konulmas\u0131 s\u0131ras\u0131nda \u00a0\u015eirket Genel M\u00fcd\u00fcr\u00fcn\u00fcn \u015fahsi mevcudiyeti gerekebilir.<\/p>\n<p>\u015eirketin Federal G\u00f6\u00e7 Servisi M\u00fcd\u00fcrl\u00fc\u011f\u00fc&#8217;ne kayda konulmas\u0131ndan sonra ge\u00e7erlilik s\u00fcresi verilme an\u0131ndan itibaren bir y\u0131l\u0131 olu\u015fturan \u2018t\u00fczel ki\u015finin kayd\u0131 kart\u0131\u2019 \u015firket temsilcisine verilmektedir. Akreditasyon, bir defal\u0131k ge\u00e7erlilik s\u00fcresinin bir y\u0131l\u0131 a\u015fm\u0131yaca\u011f\u0131 \u015fart\u0131 ile s\u0131n\u0131rs\u0131z say\u0131da yenilenebilir.<\/p>\n","protected":false},"excerpt":{"rendered":"<p>Yabanc\u0131 vatanda\u015flar\u0131n Rusya Federasyonu s\u0131n\u0131rlar\u0131 i\u00e7ine girmesi i\u00e7in dayanak olan vize davetiyelerini (\u00abRUSYA FEDERASYONU&#8217;NA G\u0130R\u0130\u015e \u0130\u00c7\u0130N V\u0130ZEY\u0130 D\u00dcZENLEME D\u00dcZEN\u0130\u00bb sayfas\u0131na link) d\u00fczenleme hakk\u0131, sadece Rusya Federasyon eyaleti Federal G\u00f6\u00e7 Servisi M\u00fcd\u00fcrl\u00fc\u011f\u00fc&#8217;nde kay\u0131tta bulunan (akredite edilmi\u015f) t\u00fczel ki\u015filere verilmi\u015ftir. T\u00fczel ki\u015finin Rusya Federasyonu Federal G\u00f6\u00e7 Servisi M\u00fcd\u00fcrl\u00fc\u011f\u00fc&#8217;ne kayda konulmas\u0131, vize davetiyesinin d\u00fczenlenmesi i\u00e7in ilk ba\u015fvurunun yap\u0131lmas\u0131 [&hellip;]<\/p>\n","protected":false},"author":1,"featured_media":528,"parent":707,"menu_order":3,"comment_status":"closed","ping_status":"open","template":"","meta":{"_mi_skip_tracking":false,"_monsterinsights_sitenote_active":false,"_monsterinsights_sitenote_note":"","_monsterinsights_sitenote_category":0,"footnotes":""},"_links":{"self":[{"href":"http:\/\/arkonconsult.ru\/index.php?rest_route=\/wp\/v2\/pages\/717"}],"collection":[{"href":"http:\/\/arkonconsult.ru\/index.php?rest_route=\/wp\/v2\/pages"}],"about":[{"href":"http:\/\/arkonconsult.ru\/index.php?rest_route=\/wp\/v2\/types\/page"}],"author":[{"embeddable":true,"href":"http:\/\/arkonconsult.ru\/index.php?rest_route=\/wp\/v2\/users\/1"}],"replies":[{"embeddable":true,"href":"http:\/\/arkonconsult.ru\/index.php?rest_route=%2Fwp%2Fv2%2Fcomments&post=717"}],"version-history":[{"count":4,"href":"http:\/\/arkonconsult.ru\/index.php?rest_route=\/wp\/v2\/pages\/717\/revisions"}],"predecessor-version":[{"id":1303,"href":"http:\/\/arkonconsult.ru\/index.php?rest_route=\/wp\/v2\/pages\/717\/revisions\/1303"}],"up":[{"embeddable":true,"href":"http:\/\/arkonconsult.ru\/index.php?rest_route=\/wp\/v2\/pages\/707"}],"wp:featuredmedia":[{"embeddable":true,"href":"http:\/\/arkonconsult.ru\/index.php?rest_route=\/wp\/v2\/media\/528"}],"wp:attachment":[{"href":"http:\/\/arkonconsult.ru\/index.php?rest_route=%2Fwp%2Fv2%2Fmedia&parent=717"}],"curies":[{"name":"wp","href":"https:\/\/api.w.org\/{rel}","templated":true}]}}