{"id":715,"date":"2015-12-18T11:17:06","date_gmt":"2015-12-18T08:17:06","guid":{"rendered":"http:\/\/arkonconsult.ru\/?page_id=715"},"modified":"2018-12-10T18:22:36","modified_gmt":"2018-12-10T15:22:36","slug":"yabanci-vatandaslarin-kayda-konulma-ve-onlarin-kayittan-cikarilmasi-duzeni","status":"publish","type":"page","link":"http:\/\/arkonconsult.ru\/?page_id=715&lang=tr","title":{"rendered":"Yabanc\u0131 vatanda\u015flar\u0131n kayda konulma ve onlar\u0131n kay\u0131ttan \u00e7\u0131kar\u0131lmas\u0131 d\u00fczeni"},"content":{"rendered":"<p><img loading=\"lazy\" decoding=\"async\" class=\"alignleft wp-image-792 size-medium\" title=\"Federal G\u00f6\u00e7 Servisi\" src=\"http:\/\/arkonconsult.ru\/wp-content\/uploads\/2015\/12\/\u0424\u041c\u0421-\u0420\u0424-300x239.jpg\" alt=\"Federal G\u00f6\u00e7 Servisi\" width=\"300\" height=\"239\" srcset=\"http:\/\/arkonconsult.ru\/wp-content\/uploads\/2015\/12\/\u0424\u041c\u0421-\u0420\u0424-300x239.jpg 300w, http:\/\/arkonconsult.ru\/wp-content\/uploads\/2015\/12\/\u0424\u041c\u0421-\u0420\u0424.jpg 480w\" sizes=\"(max-width: 300px) 100vw, 300px\" \/>Yabanc\u0131 vatanda\u015flar, onlar\u0131n s\u00fcrekli oturma yeri olm\u0131yan yerinde kalma s\u0131ras\u0131nda yeni ikamet yerinde kayda konulmak zorundad\u0131rlar.<\/p>\n<p>Rusya Federasyonu&#8217;nda ge\u00e7ici olarak kalan yabanc\u0131 vatanda\u015flar, kalma yerine var\u0131\u015f g\u00fcn\u00fcnden itibaren 7 i\u015f g\u00fcn\u00fc ge\u00e7tikten sonra kalma yerinde tescile tabidirler.<\/p>\n<p>Yabanc\u0131 vatanda\u015f\u0131n kalma yerinde tesciline konulmas\u0131 i\u00e7in dayanak, yabanc\u0131y\u0131 kabul eden taraf\u0131n sundu\u011fu kalma yerine yabanc\u0131 vatanda\u015f\u0131n veya vatanda\u015fl\u0131\u011f\u0131 olm\u0131yan ki\u015finin var\u0131\u015f\u0131na ili\u015fkin saptanm\u0131\u015f form \u00fczerindeki tebli\u011fnin Federal G\u00f6\u00e7 Servisi&#8217;nin b\u00f6lgesel m\u00fcd\u00fcrl\u00fc\u011f\u00fc taraf\u0131ndan kabul edilmesi olmaktad\u0131r.<\/p>\n<p>Yabanc\u0131y\u0131 kabul eden taraf Federal G\u00f6\u00e7 Servisi&#8217;nin b\u00f6lgesel \u015fubesine do\u011frudan veya posta ile g\u00f6nderme yoluyla sunulan var\u0131\u015f hakk\u0131nda tebli\u011fe, yabanc\u0131 vatanda\u015f\u0131n kimli\u011fini tasdik eden belge ve g\u00f6\u00e7 kart\u0131n\u0131n fotokopilerini (ge\u00e7ici olarak gelen yabanc\u0131 vatanda\u015f i\u00e7in) eklemektedir.<\/p>\n<p>Yabanc\u0131 vatanda\u015f\u0131n otel, otel hizmeti g\u00f6steren di\u011fer i\u015fletme, sanatoryum, tatil k\u00f6y\u00fc, misafirhane, kamp, turist tesisi, \u00e7ocuk sa\u011fl\u0131k kamp\u0131, hastane veya belirli oturma yeri olm\u0131yan ki\u015filerin sosyal rehabilitasyonu i\u00e7in di\u011fer sa\u011fl\u0131k ve sosyal hizmetleri kurumuna var\u0131\u015f\u0131nda, ilgili \u015firketin veya kurulu\u015fun idaresi bir g\u00fcn i\u00e7inde Rusya Federal G\u00f6\u00e7 Servisi\u00a0 B\u00f6lgesel m\u00fcd\u00fcrl\u00fc\u011f\u00fc&#8217;ne tebli\u011fi verme yoluyla yabanc\u0131 vatanda\u015f\u0131n geli\u015fini ihbar etmek zorundad\u0131r.<\/p>\n<p>G\u00f6\u00e7 kayd\u0131na konulma i\u00e7in dayanak say\u0131lan hadiseler \u015funlard\u0131r:<\/p>\n<p>&#8212; yabanc\u0131 vatanda\u015f\u0131n Rusya Federasyonu&#8217;na giri\u015f ger\u00e7e\u011fi;<\/p>\n<p>&#8212; yabanc\u0131 vatanda\u015f\u0131n veya do\u011fum an\u0131nda Rusya Federasyonu vatanda\u015fl\u0131\u011f\u0131n\u0131 elde etmeyen di\u011fer ki\u015finin Rusya Federasyonu s\u0131n\u0131r\u0131lar\u0131 i\u00e7inde do\u011fmas\u0131n\u0131n ger\u00e7e\u011fi;<\/p>\n<p>&#8212; Rusya Federasyonu&#8217;nda bulunan ve Rusya Federasyonu vatanda\u015f\u0131 olan ki\u015finin vatanda\u015fl\u0131\u011f\u0131n\u0131 kaybetmesi ger\u00e7e\u011fi.<\/p>\n<p>&nbsp;<\/p>\n<p>G\u00f6\u00e7 kayd\u0131ndan \u00e7\u0131karmak i\u00e7in dayanak say\u0131lan hadiseler \u015funlard\u0131r:<\/p>\n<p>&#8212; yabanc\u0131 vatanda\u015f\u0131n yeni ikamet yerinde kayda konulmas\u0131;<\/p>\n<p>&#8212; yabanc\u0131 vatanda\u015f\u0131n Rusya Federasyonu&#8217;ndan \u00e7\u0131k\u0131\u015f\u0131;<\/p>\n<p>&#8212; yabanc\u0131 vatanda\u015f\u0131n Rusya Federasyonu&#8217;nda \u00f6l\u00fcm\u00fc;<\/p>\n<p>&#8212; Rusya Federasyonu&#8217;nda bulunan yabanc\u0131 vatanda\u015f\u0131n bilgisiz olarak eksik tan\u0131nmas\u0131 veya \u00f6lm\u00fc\u015f olarak tan\u0131nmas\u0131 hakk\u0131ndaki mahkeme karar\u0131n\u0131n y\u00fcr\u00fcrl\u00fc\u011fe girmesi;<\/p>\n<p>&#8212; Rusya Federasyonu&#8217;nda bulunan yabanc\u0131 vatanda\u015f\u0131n Rusya Federasyonu vatanda\u015fl\u0131\u011f\u0131n\u0131 kazanmas\u0131 ger\u00e7e\u011fi.<\/p>\n<p>&nbsp;<\/p>\n<p><strong>G\u00f6\u00e7 kayd\u0131n\u0131n uygulanmas\u0131nda yabanc\u0131 vatanda\u015flar\u0131n y\u00fck\u00fcml\u00fckleri:<\/strong><\/p>\n<p><strong>\u00a0<\/strong>Yabanc\u0131 vatanda\u015flar, g\u00f6\u00e7 kayd\u0131n\u0131n ger\u00e7ekle\u015ftirilmesinde 18\/07\/2006 tarihli Yabanc\u0131 Vatanda\u015flar\u0131n Rusya Federayonu&#8217;nda G\u00f6\u00e7 Kayd\u0131 hakk\u0131nda Federal Kanun, di\u011fer federal kanunlar ve mevzuat\u0131nda belirtilen\u00a0 h\u00fck\u00fcmlerine uygun bir \u015fekilde do\u011fru bilgileri sunmak ve hukuk bak\u0131m\u0131ndan y\u00fck\u00fcml\u00fc\u011f\u00fc \u00fcstleyen \u00a0di\u011fer eylemleri ger\u00e7ekle\u015ftirmek zorundad\u0131rlar.<\/p>\n<p>Rusya Federasyonu&#8217;nda devaml\u0131 veya ge\u00e7ici olarak oturan yabanc\u0131 vatanda\u015flar, oturma yerinde tescile ve bulunma yerinde kayda tabidirler.<\/p>\n<p>Rusya Federasyonu&#8217;nda ge\u00e7ici olarak bulunan yabanc\u0131 vatanda\u015flar, bulunma yerinde kayda tabidirler.<\/p>\n<p>Cinai veya idari cezay\u0131 \u00e7eken yabanc\u0131 vatanda\u015flar, bulunma yerinde yani cezay\u0131 icra eden kurumda Rusya Federasyonu h\u00fck\u00fcmeti taraf\u0131ndan saptanan d\u00fczene g\u00f6re kayda tabidirler.<\/p>\n<p>Rusya Federasyonu s\u0131n\u0131rlar\u0131 d\u0131\u015f\u0131nda bulunan ve Rusya Federasyonu s\u0131n\u0131rlar\u0131 i\u00e7indeki konut veya di\u011fer mekanlar\u0131n sahipleri olan yabanc\u0131 vatanda\u015f veya \u00a0yabanc\u0131 \u015firketler, bu t\u00fcr mekanlar\u0131n yabanc\u0131 vatanda\u015flar\u0131n ge\u00e7ici konaklanmas\u0131 i\u00e7in verildi\u011fi durumda s\u00f6z konusu yabanc\u0131lar\u0131nn kalma yerinde kayda konulmas\u0131 konusunda kabul eden taraf \u015feklinde y\u00fck\u00fcml\u00fcklerini yerine getirmektedirler.<\/p>\n","protected":false},"excerpt":{"rendered":"<p>Yabanc\u0131 vatanda\u015flar, onlar\u0131n s\u00fcrekli oturma yeri olm\u0131yan yerinde kalma s\u0131ras\u0131nda yeni ikamet yerinde kayda konulmak zorundad\u0131rlar. Rusya Federasyonu&#8217;nda ge\u00e7ici olarak kalan yabanc\u0131 vatanda\u015flar, kalma yerine var\u0131\u015f g\u00fcn\u00fcnden itibaren 7 i\u015f g\u00fcn\u00fc ge\u00e7tikten sonra kalma yerinde tescile tabidirler. Yabanc\u0131 vatanda\u015f\u0131n kalma yerinde tesciline konulmas\u0131 i\u00e7in dayanak, yabanc\u0131y\u0131 kabul eden taraf\u0131n sundu\u011fu kalma yerine yabanc\u0131 vatanda\u015f\u0131n veya [&hellip;]<\/p>\n","protected":false},"author":1,"featured_media":517,"parent":709,"menu_order":3,"comment_status":"closed","ping_status":"closed","template":"","meta":{"_mi_skip_tracking":false,"_monsterinsights_sitenote_active":false,"_monsterinsights_sitenote_note":"","_monsterinsights_sitenote_category":0,"footnotes":""},"_links":{"self":[{"href":"http:\/\/arkonconsult.ru\/index.php?rest_route=\/wp\/v2\/pages\/715"}],"collection":[{"href":"http:\/\/arkonconsult.ru\/index.php?rest_route=\/wp\/v2\/pages"}],"about":[{"href":"http:\/\/arkonconsult.ru\/index.php?rest_route=\/wp\/v2\/types\/page"}],"author":[{"embeddable":true,"href":"http:\/\/arkonconsult.ru\/index.php?rest_route=\/wp\/v2\/users\/1"}],"replies":[{"embeddable":true,"href":"http:\/\/arkonconsult.ru\/index.php?rest_route=%2Fwp%2Fv2%2Fcomments&post=715"}],"version-history":[{"count":3,"href":"http:\/\/arkonconsult.ru\/index.php?rest_route=\/wp\/v2\/pages\/715\/revisions"}],"predecessor-version":[{"id":1300,"href":"http:\/\/arkonconsult.ru\/index.php?rest_route=\/wp\/v2\/pages\/715\/revisions\/1300"}],"up":[{"embeddable":true,"href":"http:\/\/arkonconsult.ru\/index.php?rest_route=\/wp\/v2\/pages\/709"}],"wp:featuredmedia":[{"embeddable":true,"href":"http:\/\/arkonconsult.ru\/index.php?rest_route=\/wp\/v2\/media\/517"}],"wp:attachment":[{"href":"http:\/\/arkonconsult.ru\/index.php?rest_route=%2Fwp%2Fv2%2Fmedia&parent=715"}],"curies":[{"name":"wp","href":"https:\/\/api.w.org\/{rel}","templated":true}]}}