{"id":713,"date":"2015-12-18T10:48:04","date_gmt":"2015-12-18T07:48:04","guid":{"rendered":"http:\/\/arkonconsult.ru\/?page_id=713"},"modified":"2018-12-10T18:20:28","modified_gmt":"2018-12-10T15:20:28","slug":"rusya-federasyonu-sinirlari-icinde-yabanci-vatandaslarin-tescili","status":"publish","type":"page","link":"http:\/\/arkonconsult.ru\/?page_id=713&lang=tr","title":{"rendered":"Rusya Federasyonu s\u0131n\u0131rlar\u0131 i\u00e7inde yabanc\u0131 vatanda\u015flar\u0131n tescili"},"content":{"rendered":"<p><img loading=\"lazy\" decoding=\"async\" class=\"alignleft wp-image-789 size-medium\" title=\"RF'da yabanc\u0131 vatanda\u015flar\u0131n tescili bo\u015fu\" src=\"http:\/\/arkonconsult.ru\/wp-content\/uploads\/2015\/12\/\u0431\u043b\u0430\u043d\u043a-\u0443\u0432\u0435\u0434.-300x262.jpg\" alt=\"RF'da yabanc\u0131 vatanda\u015flar\u0131n tescili bo\u015fu\" width=\"300\" height=\"262\" srcset=\"http:\/\/arkonconsult.ru\/wp-content\/uploads\/2015\/12\/\u0431\u043b\u0430\u043d\u043a-\u0443\u0432\u0435\u0434.-300x262.jpg 300w, http:\/\/arkonconsult.ru\/wp-content\/uploads\/2015\/12\/\u0431\u043b\u0430\u043d\u043a-\u0443\u0432\u0435\u0434..jpg 492w\" sizes=\"(max-width: 300px) 100vw, 300px\" \/>Oturma yerinde tescil, yabanc\u0131 vatanda\u015f\u0131n ger\u00e7ek bulunma yeri hakk\u0131ndaki bilgiyi veren kay\u0131t t\u00fcr\u00fcd\u00fcr. Bu bilgi \u00f6zellikle kamu hizmetlerinin hesaplanmas\u0131nda, ceza makbuzlar\u0131n\u0131 g\u00f6ndermek i\u00e7in ve di\u011fer durumlarda gerekli olmaktad\u0131r. \u00dcstelik yabanc\u0131 vatanda\u015f ancak oturma yerinde kaydedilebilir. \u00d6zel ki\u015fi ise, sadece tescilin oldu\u011fu veya evsahibinin oldu\u011fu oturma yerine yabanc\u0131 vatanda\u015f\u0131 kaydettirebilir.\u00a0Tescil, ge\u00e7ici oturma iznini veya Rusya Federasyonu&#8217;nda devaml\u0131 oturmaya (ikamet tezkeresi) izin alan yabanc\u0131 vatanda\u015flar i\u00e7in zorunlu olmaktad\u0131r.<\/p>\n","protected":false},"excerpt":{"rendered":"<p>Oturma yerinde tescil, yabanc\u0131 vatanda\u015f\u0131n ger\u00e7ek bulunma yeri hakk\u0131ndaki bilgiyi veren kay\u0131t t\u00fcr\u00fcd\u00fcr. Bu bilgi \u00f6zellikle kamu hizmetlerinin hesaplanmas\u0131nda, ceza makbuzlar\u0131n\u0131 g\u00f6ndermek i\u00e7in ve di\u011fer durumlarda gerekli olmaktad\u0131r. \u00dcstelik yabanc\u0131 vatanda\u015f ancak oturma yerinde kaydedilebilir. \u00d6zel ki\u015fi ise, sadece tescilin oldu\u011fu veya evsahibinin oldu\u011fu oturma yerine yabanc\u0131 vatanda\u015f\u0131 kaydettirebilir.\u00a0Tescil, ge\u00e7ici oturma iznini veya Rusya Federasyonu&#8217;nda [&hellip;]<\/p>\n","protected":false},"author":1,"featured_media":514,"parent":709,"menu_order":0,"comment_status":"closed","ping_status":"closed","template":"","meta":{"_mi_skip_tracking":false,"_monsterinsights_sitenote_active":false,"_monsterinsights_sitenote_note":"","_monsterinsights_sitenote_category":0,"footnotes":""},"_links":{"self":[{"href":"http:\/\/arkonconsult.ru\/index.php?rest_route=\/wp\/v2\/pages\/713"}],"collection":[{"href":"http:\/\/arkonconsult.ru\/index.php?rest_route=\/wp\/v2\/pages"}],"about":[{"href":"http:\/\/arkonconsult.ru\/index.php?rest_route=\/wp\/v2\/types\/page"}],"author":[{"embeddable":true,"href":"http:\/\/arkonconsult.ru\/index.php?rest_route=\/wp\/v2\/users\/1"}],"replies":[{"embeddable":true,"href":"http:\/\/arkonconsult.ru\/index.php?rest_route=%2Fwp%2Fv2%2Fcomments&post=713"}],"version-history":[{"count":4,"href":"http:\/\/arkonconsult.ru\/index.php?rest_route=\/wp\/v2\/pages\/713\/revisions"}],"predecessor-version":[{"id":1298,"href":"http:\/\/arkonconsult.ru\/index.php?rest_route=\/wp\/v2\/pages\/713\/revisions\/1298"}],"up":[{"embeddable":true,"href":"http:\/\/arkonconsult.ru\/index.php?rest_route=\/wp\/v2\/pages\/709"}],"wp:featuredmedia":[{"embeddable":true,"href":"http:\/\/arkonconsult.ru\/index.php?rest_route=\/wp\/v2\/media\/514"}],"wp:attachment":[{"href":"http:\/\/arkonconsult.ru\/index.php?rest_route=%2Fwp%2Fv2%2Fmedia&parent=713"}],"curies":[{"name":"wp","href":"https:\/\/api.w.org\/{rel}","templated":true}]}}