{"id":709,"date":"2015-12-17T17:19:16","date_gmt":"2015-12-17T14:19:16","guid":{"rendered":"http:\/\/arkonconsult.ru\/?page_id=709"},"modified":"2018-12-10T18:14:59","modified_gmt":"2018-12-10T15:14:59","slug":"goc-kaydina-koyma-kayit","status":"publish","type":"page","link":"http:\/\/arkonconsult.ru\/?page_id=709&lang=tr","title":{"rendered":"G\u00f6\u00e7 kayd\u0131na koyma, kay\u0131t"},"content":{"rendered":"<p><img loading=\"lazy\" decoding=\"async\" class=\"alignleft wp-image-787 size-medium\" title=\"G\u00f6\u00e7 kayd\u0131na koyma\" src=\"http:\/\/arkonconsult.ru\/wp-content\/uploads\/2015\/12\/\u043c\u0438\u0433\u0440.\u0443\u0447\u0435\u0442-300x239.jpg\" alt=\"G\u00f6\u00e7 kayd\u0131na koyma\" width=\"300\" height=\"239\" srcset=\"http:\/\/arkonconsult.ru\/wp-content\/uploads\/2015\/12\/\u043c\u0438\u0433\u0440.\u0443\u0447\u0435\u0442-300x239.jpg 300w, http:\/\/arkonconsult.ru\/wp-content\/uploads\/2015\/12\/\u043c\u0438\u0433\u0440.\u0443\u0447\u0435\u0442.jpg 480w\" sizes=\"(max-width: 300px) 100vw, 300px\" \/>18\/07\/2006 tarihli 109-FZ say\u0131l\u0131 RUSYA FEDERASYONU&#8217;NDA YABANCI VATANDA\u015eLARIN VE VATANDA\u015eLI\u011eI OLMIYAN K\u0130\u015e\u0130LER\u0130N G\u00d6\u00c7 KAYDI HAKKINDA Federal Kanunu&#8217;na g\u00f6re Rusya Federasyonu&#8217;na ge\u00e7ici olarak gelen yabanc\u0131 vatanda\u015flar tescile tabidirler, Rusya Federasyonu&#8217;nda devaml\u0131 ve ge\u00e7ici olarak oturan yabanc\u0131 vatanda\u015flar oturma yerlerinde <a href=\"http:\/\/arkonconsult.ru\/?page_id=713\">tescile<\/a> ve kalma yerinde <a href=\"http:\/\/arkonconsult.ru\/?page_id=711\">g\u00f6\u00e7 kayd\u0131na<\/a> tabidirler.<\/p>\n<p><a href=\"http:\/\/arkonconsult.ru\/?page_id=715\">Yabanc\u0131 vatanda\u015flar\u0131n kayda konulma ve onlar\u0131n kay\u0131ttan \u00e7\u0131kar\u0131lmas\u0131 d\u00fczeni<\/a><\/p>\n","protected":false},"excerpt":{"rendered":"<p>18\/07\/2006 tarihli 109-FZ say\u0131l\u0131 RUSYA FEDERASYONU&#8217;NDA YABANCI VATANDA\u015eLARIN VE VATANDA\u015eLI\u011eI OLMIYAN K\u0130\u015e\u0130LER\u0130N G\u00d6\u00c7 KAYDI HAKKINDA Federal Kanunu&#8217;na g\u00f6re Rusya Federasyonu&#8217;na ge\u00e7ici olarak gelen yabanc\u0131 vatanda\u015flar tescile tabidirler, Rusya Federasyonu&#8217;nda devaml\u0131 ve ge\u00e7ici olarak oturan yabanc\u0131 vatanda\u015flar oturma yerlerinde tescile ve kalma yerinde g\u00f6\u00e7 kayd\u0131na tabidirler. Yabanc\u0131 vatanda\u015flar\u0131n kayda konulma ve onlar\u0131n kay\u0131ttan \u00e7\u0131kar\u0131lmas\u0131 d\u00fczeni<\/p>\n","protected":false},"author":1,"featured_media":512,"parent":707,"menu_order":0,"comment_status":"closed","ping_status":"closed","template":"","meta":{"_mi_skip_tracking":false,"_monsterinsights_sitenote_active":false,"_monsterinsights_sitenote_note":"","_monsterinsights_sitenote_category":0,"footnotes":""},"_links":{"self":[{"href":"http:\/\/arkonconsult.ru\/index.php?rest_route=\/wp\/v2\/pages\/709"}],"collection":[{"href":"http:\/\/arkonconsult.ru\/index.php?rest_route=\/wp\/v2\/pages"}],"about":[{"href":"http:\/\/arkonconsult.ru\/index.php?rest_route=\/wp\/v2\/types\/page"}],"author":[{"embeddable":true,"href":"http:\/\/arkonconsult.ru\/index.php?rest_route=\/wp\/v2\/users\/1"}],"replies":[{"embeddable":true,"href":"http:\/\/arkonconsult.ru\/index.php?rest_route=%2Fwp%2Fv2%2Fcomments&post=709"}],"version-history":[{"count":5,"href":"http:\/\/arkonconsult.ru\/index.php?rest_route=\/wp\/v2\/pages\/709\/revisions"}],"predecessor-version":[{"id":1296,"href":"http:\/\/arkonconsult.ru\/index.php?rest_route=\/wp\/v2\/pages\/709\/revisions\/1296"}],"up":[{"embeddable":true,"href":"http:\/\/arkonconsult.ru\/index.php?rest_route=\/wp\/v2\/pages\/707"}],"wp:featuredmedia":[{"embeddable":true,"href":"http:\/\/arkonconsult.ru\/index.php?rest_route=\/wp\/v2\/media\/512"}],"wp:attachment":[{"href":"http:\/\/arkonconsult.ru\/index.php?rest_route=%2Fwp%2Fv2%2Fmedia&parent=709"}],"curies":[{"name":"wp","href":"https:\/\/api.w.org\/{rel}","templated":true}]}}