{"id":707,"date":"2015-12-17T16:37:00","date_gmt":"2015-12-17T13:37:00","guid":{"rendered":"http:\/\/arkonconsult.ru\/?page_id=707"},"modified":"2015-12-21T19:49:40","modified_gmt":"2015-12-21T16:49:40","slug":"hizmetlerimiz","status":"publish","type":"page","link":"http:\/\/arkonconsult.ru\/?page_id=707&lang=tr","title":{"rendered":"Hizmetlerimiz"},"content":{"rendered":"<ul>\n<li><a href=\"http:\/\/arkonconsult.ru\/?page_id=719\">T\u00fczel ki\u015filerin kayd\u0131 ve tasfiyesi<\/a><\/li>\n<li><a href=\"http:\/\/arkonconsult.ru\/?page_id=721\">T\u00fczel ki\u015filerin ortaklar\u0131n ve m\u00fcteahhitlerin kontrol\u00fc<\/a><\/li>\n<li><a href=\"http:\/\/arkonconsult.ru\/?page_id=717\">T\u00fczel ki\u015filerin Rusya Federasyonu Federal G\u00f6\u00e7 Servisi&#8217;ne kayda konulmas\u0131<\/a><\/li>\n<li><a href=\"http:\/\/arkonconsult.ru\/?page_id=725\">Rusya Federasyonu&#8217;na giri\u015f vizeleri<\/a><\/li>\n<li><a href=\"http:\/\/arkonconsult.ru\/?page_id=709\">G\u00f6\u00e7 kayd\u0131na konulma, kay\u0131t<\/a><\/li>\n<li><a href=\"http:\/\/arkonconsult.ru\/?page_id=743\">Yabanc\u0131 vatanda\u015flar\u0131n \u00e7al\u0131\u015fma izni ve patentleri<\/a><\/li>\n<li><a href=\"http:\/\/arkonconsult.ru\/?page_id=758\">Ge\u00e7ici oturma izni, ikamet tezkeresi, Rusya Federasyonu vatanda\u015fl\u0131\u011f\u0131<\/a><\/li>\n<li><a href=\"http:\/\/arkonconsult.ru\/?page_id=776\">Di\u011fer hizmetler<\/a><\/li>\n<\/ul>\n","protected":false},"excerpt":{"rendered":"<p>T\u00fczel ki\u015filerin kayd\u0131 ve tasfiyesi T\u00fczel ki\u015filerin ortaklar\u0131n ve m\u00fcteahhitlerin kontrol\u00fc T\u00fczel ki\u015filerin Rusya Federasyonu Federal G\u00f6\u00e7 Servisi&#8217;ne kayda konulmas\u0131 Rusya Federasyonu&#8217;na giri\u015f vizeleri G\u00f6\u00e7 kayd\u0131na konulma, kay\u0131t Yabanc\u0131 vatanda\u015flar\u0131n \u00e7al\u0131\u015fma izni ve patentleri Ge\u00e7ici oturma izni, ikamet tezkeresi, Rusya Federasyonu vatanda\u015fl\u0131\u011f\u0131 Di\u011fer hizmetler<\/p>\n","protected":false},"author":1,"featured_media":471,"parent":0,"menu_order":3,"comment_status":"closed","ping_status":"open","template":"","meta":{"_mi_skip_tracking":false,"_monsterinsights_sitenote_active":false,"_monsterinsights_sitenote_note":"","_monsterinsights_sitenote_category":0,"footnotes":""},"_links":{"self":[{"href":"http:\/\/arkonconsult.ru\/index.php?rest_route=\/wp\/v2\/pages\/707"}],"collection":[{"href":"http:\/\/arkonconsult.ru\/index.php?rest_route=\/wp\/v2\/pages"}],"about":[{"href":"http:\/\/arkonconsult.ru\/index.php?rest_route=\/wp\/v2\/types\/page"}],"author":[{"embeddable":true,"href":"http:\/\/arkonconsult.ru\/index.php?rest_route=\/wp\/v2\/users\/1"}],"replies":[{"embeddable":true,"href":"http:\/\/arkonconsult.ru\/index.php?rest_route=%2Fwp%2Fv2%2Fcomments&post=707"}],"version-history":[{"count":4,"href":"http:\/\/arkonconsult.ru\/index.php?rest_route=\/wp\/v2\/pages\/707\/revisions"}],"predecessor-version":[{"id":779,"href":"http:\/\/arkonconsult.ru\/index.php?rest_route=\/wp\/v2\/pages\/707\/revisions\/779"}],"wp:featuredmedia":[{"embeddable":true,"href":"http:\/\/arkonconsult.ru\/index.php?rest_route=\/wp\/v2\/media\/471"}],"wp:attachment":[{"href":"http:\/\/arkonconsult.ru\/index.php?rest_route=%2Fwp%2Fv2%2Fmedia&parent=707"}],"curies":[{"name":"wp","href":"https:\/\/api.w.org\/{rel}","templated":true}]}}