{"id":702,"date":"2015-12-17T15:47:56","date_gmt":"2015-12-17T12:47:56","guid":{"rendered":"http:\/\/arkonconsult.ru\/?page_id=702"},"modified":"2018-12-18T10:46:09","modified_gmt":"2018-12-18T07:46:09","slug":"arcon-consulntingin-web-sitesine-hos-geldiniz","status":"publish","type":"page","link":"http:\/\/arkonconsult.ru\/?page_id=702&lang=tr","title":{"rendered":"ARKON CONSULT\u0130NG\u2019in web sitesine ho\u015f geldiniz"},"content":{"rendered":"<p><img loading=\"lazy\" decoding=\"async\" class=\"alignright size-medium wp-image-1376\" src=\"http:\/\/arkonconsult.ru\/wp-content\/uploads\/2018\/12\/\u0414\u043e\u0431\u0440\u043e...2-300x104.jpg\" alt=\"\" width=\"300\" height=\"104\" srcset=\"http:\/\/arkonconsult.ru\/wp-content\/uploads\/2018\/12\/\u0414\u043e\u0431\u0440\u043e...2-300x104.jpg 300w, http:\/\/arkonconsult.ru\/wp-content\/uploads\/2018\/12\/\u0414\u043e\u0431\u0440\u043e...2-768x266.jpg 768w, http:\/\/arkonconsult.ru\/wp-content\/uploads\/2018\/12\/\u0414\u043e\u0431\u0440\u043e...2.jpg 960w\" sizes=\"(max-width: 300px) 100vw, 300px\" \/>Hergangi ticari i\u015fletme kendi faaliyeti s\u0131ras\u0131nda ticari faaliyet ile direkt ilgili olm\u0131yan \u00e7ok say\u0131daki formaliteleri ger\u00e7ekle\u015ftirme\u00a0 gereklili\u011fi ile kar\u015f\u0131 kar\u015f\u0131ya kalmaktad\u0131r. Bu, hem \u00f6rg\u00fctsel de\u011fi\u015fikliklerin yasal d\u00fczenlenmesi hem de yabanc\u0131 uyruklu vatanda\u015flar\u0131n i\u015fe al\u0131nmas\u0131 olabilir.<!--more--><\/p>\n<p>Genelilkle bu t\u00fcr sorunlar\u0131n \u00e7\u00f6z\u00fcm\u00fcne \u00e7ok g\u00fc\u00e7 ve zaman harcanmaktad\u0131r. \u00a0Ama gayret ve vakit, sorunlar\u0131n \u00e7\u00f6z\u00fcm\u00fcn\u00fc profesyonel uzmanlara teslim ederek daha verimli bir \u015fekilde kullan\u0131labilmektedir. Elbette, herkes kendi \u00e7\u0131kar ve yeteneklerine g\u00f6re \u015fu iki alternatiften birini se\u00e7er: yasama kararlar\u0131 ve idari d\u00fczenlemelerin \u2018kapuzunda\u2019 kendi ba\u015f\u0131na yol aramak veya profesyonellere g\u00fcvenmek. \u2018Bozuk muslu\u011fu kendim mi tamir edeyim, tesisat\u00e7\u0131y\u0131 \u00e7a\u011f\u0131ray\u0131m? Kendim kendimi ila\u00e7la tedavi edeyim veya bir doktora ba\u015fvuray\u0131m? Makamlara kendim mi gideyim veya yerime bir kimse gitsin ben ise i\u015flerime bakay\u0131m?\u2019 Her ki\u015fi, genellikle buna benzer alternatif se\u00e7imleri yapmak zorundad\u0131r.<\/p>\n<p>Se\u00e7iminiz ne olursa olsun biz i\u00e7tenlikle size bol \u015fanlar ve ba\u015far\u0131lar dileriz.<\/p>\n","protected":false},"excerpt":{"rendered":"<p>Hergangi ticari i\u015fletme kendi faaliyeti s\u0131ras\u0131nda ticari faaliyet ile direkt ilgili olm\u0131yan \u00e7ok say\u0131daki formaliteleri ger\u00e7ekle\u015ftirme\u00a0 gereklili\u011fi ile kar\u015f\u0131 kar\u015f\u0131ya kalmaktad\u0131r. Bu, hem \u00f6rg\u00fctsel de\u011fi\u015fikliklerin yasal d\u00fczenlenmesi hem de yabanc\u0131 uyruklu vatanda\u015flar\u0131n i\u015fe al\u0131nmas\u0131 olabilir.<\/p>\n","protected":false},"author":1,"featured_media":1376,"parent":0,"menu_order":1,"comment_status":"closed","ping_status":"closed","template":"","meta":{"_mi_skip_tracking":false,"_monsterinsights_sitenote_active":false,"_monsterinsights_sitenote_note":"","_monsterinsights_sitenote_category":0,"footnotes":""},"_links":{"self":[{"href":"http:\/\/arkonconsult.ru\/index.php?rest_route=\/wp\/v2\/pages\/702"}],"collection":[{"href":"http:\/\/arkonconsult.ru\/index.php?rest_route=\/wp\/v2\/pages"}],"about":[{"href":"http:\/\/arkonconsult.ru\/index.php?rest_route=\/wp\/v2\/types\/page"}],"author":[{"embeddable":true,"href":"http:\/\/arkonconsult.ru\/index.php?rest_route=\/wp\/v2\/users\/1"}],"replies":[{"embeddable":true,"href":"http:\/\/arkonconsult.ru\/index.php?rest_route=%2Fwp%2Fv2%2Fcomments&post=702"}],"version-history":[{"count":5,"href":"http:\/\/arkonconsult.ru\/index.php?rest_route=\/wp\/v2\/pages\/702\/revisions"}],"predecessor-version":[{"id":1379,"href":"http:\/\/arkonconsult.ru\/index.php?rest_route=\/wp\/v2\/pages\/702\/revisions\/1379"}],"wp:featuredmedia":[{"embeddable":true,"href":"http:\/\/arkonconsult.ru\/index.php?rest_route=\/wp\/v2\/media\/1376"}],"wp:attachment":[{"href":"http:\/\/arkonconsult.ru\/index.php?rest_route=%2Fwp%2Fv2%2Fmedia&parent=702"}],"curies":[{"name":"wp","href":"https:\/\/api.w.org\/{rel}","templated":true}]}}