{"id":699,"date":"2015-12-16T16:31:26","date_gmt":"2015-12-16T13:31:26","guid":{"rendered":"http:\/\/arkonconsult.ru\/?page_id=699"},"modified":"2024-01-12T17:18:59","modified_gmt":"2024-01-12T14:18:59","slug":"iletisim-2","status":"publish","type":"page","link":"http:\/\/arkonconsult.ru\/?page_id=699&lang=tr","title":{"rendered":"\u0130leti\u015fim"},"content":{"rendered":"<p><strong>ARCON CONSULT\u0130NG<\/strong><\/p>\n<p><strong>Kosmonavta Volkova soka\u011f\u0131, No. 20, ofis 424, <\/strong><\/p>\n<p><strong>(Voykovskaya metro istasyonu, Krasny Baltiets Moskova merkez \u00e7ap\u0131 istasyonu)<\/strong><\/p>\n<p><strong>MOSKOVA \/ RUSYA<\/strong><\/p>\n<p><strong>Telefon:<\/strong><br \/>\n<strong>+7 916 635 91 65<\/strong><\/p>\n<p><strong>+7 499 550 32 50<\/strong><\/p>\n<p><strong>E-posta: info@arkonconsult.ru<\/strong><\/p>\n","protected":false},"excerpt":{"rendered":"<p>ARCON CONSULT\u0130NG Kosmonavta Volkova soka\u011f\u0131, No. 20, ofis 424, (Voykovskaya metro istasyonu, Krasny Baltiets Moskova merkez \u00e7ap\u0131 istasyonu) MOSKOVA \/ RUSYA Telefon: +7 916 635 91 65 +7 499 550 32 50 E-posta: info@arkonconsult.ru<\/p>\n","protected":false},"author":1,"featured_media":592,"parent":0,"menu_order":0,"comment_status":"closed","ping_status":"closed","template":"","meta":{"_mi_skip_tracking":false,"_monsterinsights_sitenote_active":false,"_monsterinsights_sitenote_note":"","_monsterinsights_sitenote_category":0,"footnotes":""},"_links":{"self":[{"href":"http:\/\/arkonconsult.ru\/index.php?rest_route=\/wp\/v2\/pages\/699"}],"collection":[{"href":"http:\/\/arkonconsult.ru\/index.php?rest_route=\/wp\/v2\/pages"}],"about":[{"href":"http:\/\/arkonconsult.ru\/index.php?rest_route=\/wp\/v2\/types\/page"}],"author":[{"embeddable":true,"href":"http:\/\/arkonconsult.ru\/index.php?rest_route=\/wp\/v2\/users\/1"}],"replies":[{"embeddable":true,"href":"http:\/\/arkonconsult.ru\/index.php?rest_route=%2Fwp%2Fv2%2Fcomments&post=699"}],"version-history":[{"count":8,"href":"http:\/\/arkonconsult.ru\/index.php?rest_route=\/wp\/v2\/pages\/699\/revisions"}],"predecessor-version":[{"id":1409,"href":"http:\/\/arkonconsult.ru\/index.php?rest_route=\/wp\/v2\/pages\/699\/revisions\/1409"}],"wp:featuredmedia":[{"embeddable":true,"href":"http:\/\/arkonconsult.ru\/index.php?rest_route=\/wp\/v2\/media\/592"}],"wp:attachment":[{"href":"http:\/\/arkonconsult.ru\/index.php?rest_route=%2Fwp%2Fv2%2Fmedia&parent=699"}],"curies":[{"name":"wp","href":"https:\/\/api.w.org\/{rel}","templated":true}]}}